{"id":24398,"date":"2024-03-11T20:29:00","date_gmt":"2024-03-11T20:29:00","guid":{"rendered":"https:\/\/svp.wine\/?post_type=product&#038;p=24398"},"modified":"2026-02-11T10:58:51","modified_gmt":"2026-02-11T10:58:51","slug":"moscatel-roxo-10-anos","status":"publish","type":"product","link":"https:\/\/svp.wine\/en\/product\/moscatel-roxo-10-anos\/","title":{"rendered":"SVP Moscatel Roxo 10 Anos"},"content":{"rendered":"<p><strong>SVP Moscatel Roxo 10 Anos<\/strong><\/p>\n<p>O Moscatel Roxo 10 Anos \u00e9 um <em>blend<\/em> de moscat\u00e9is roxos com idade superior a 10 anos, estagiados em barricas de madeira de v\u00e1rias proveni\u00eancias.<\/p>\n<p>De cor top\u00e1zio escuro, a evolu\u00e7\u00e3o contrasta com aromas da casta, num equil\u00edbrio perfeito de flores de laranjeira e ch\u00e1 preto, com caf\u00e9 e especiarias. Final untoso, potente e fresco.<\/p>","protected":false},"excerpt":{"rendered":"<p>SVP Moscatel Roxo 10 Anos O Moscatel Roxo 10 Anos \u00e9 um blend de moscat\u00e9is roxos com idade superior a 10 anos, estagiados em barricas de madeira de v\u00e1rias proveni\u00eancias. De cor top\u00e1zio escuro, a evolu\u00e7\u00e3o contrasta com aromas da casta, num equil\u00edbrio perfeito de flores de laranjeira e ch\u00e1 preto, com caf\u00e9 e especiarias.&hellip;<\/p>","protected":false},"featured_media":24399,"comment_status":"open","ping_status":"closed","template":"","meta":{"_joinchat":[]},"product_brand":[],"product_cat":[275],"product_tag":[],"acidez_total":[232],"acucar_residual":[301],"ano":[],"casta":[],"classificacao":[],"embalagem":[282],"marca":[225],"solo":[236],"teor_alcoolico":[300],"class_list":{"0":"post-24398","1":"product","2":"type-product","3":"status-publish","4":"has-post-thumbnail","6":"product_cat-moscatel-svp","7":"acidez_total-48-g-l","8":"acucar_residual-301","9":"embalagem-50cl","10":"marca-sociedade-vinicola-de-palmela","11":"solo-arenoso","12":"teor_alcoolico-17-vol","14":"first","15":"instock","16":"taxable","17":"shipping-taxable","18":"purchasable","19":"product-type-simple"},"_links":{"self":[{"href":"https:\/\/svp.wine\/en\/wp-json\/wp\/v2\/product\/24398","targetHints":{"allow":["GET"]}}],"collection":[{"href":"https:\/\/svp.wine\/en\/wp-json\/wp\/v2\/product"}],"about":[{"href":"https:\/\/svp.wine\/en\/wp-json\/wp\/v2\/types\/product"}],"replies":[{"embeddable":true,"href":"https:\/\/svp.wine\/en\/wp-json\/wp\/v2\/comments?post=24398"}],"wp:featuredmedia":[{"embeddable":true,"href":"https:\/\/svp.wine\/en\/wp-json\/wp\/v2\/media\/24399"}],"wp:attachment":[{"href":"https:\/\/svp.wine\/en\/wp-json\/wp\/v2\/media?parent=24398"}],"wp:term":[{"taxonomy":"product_brand","embeddable":true,"href":"https:\/\/svp.wine\/en\/wp-json\/wp\/v2\/product_brand?post=24398"},{"taxonomy":"product_cat","embeddable":true,"href":"https:\/\/svp.wine\/en\/wp-json\/wp\/v2\/product_cat?post=24398"},{"taxonomy":"product_tag","embeddable":true,"href":"https:\/\/svp.wine\/en\/wp-json\/wp\/v2\/product_tag?post=24398"},{"taxonomy":"acidez_total","embeddable":true,"href":"https:\/\/svp.wine\/en\/wp-json\/wp\/v2\/acidez_total?post=24398"},{"taxonomy":"acucar_residual","embeddable":true,"href":"https:\/\/svp.wine\/en\/wp-json\/wp\/v2\/acucar_residual?post=24398"},{"taxonomy":"ano","embeddable":true,"href":"https:\/\/svp.wine\/en\/wp-json\/wp\/v2\/ano?post=24398"},{"taxonomy":"casta","embeddable":true,"href":"https:\/\/svp.wine\/en\/wp-json\/wp\/v2\/casta?post=24398"},{"taxonomy":"classificacao","embeddable":true,"href":"https:\/\/svp.wine\/en\/wp-json\/wp\/v2\/classificacao?post=24398"},{"taxonomy":"embalagem","embeddable":true,"href":"https:\/\/svp.wine\/en\/wp-json\/wp\/v2\/embalagem?post=24398"},{"taxonomy":"marca","embeddable":true,"href":"https:\/\/svp.wine\/en\/wp-json\/wp\/v2\/marca?post=24398"},{"taxonomy":"solo","embeddable":true,"href":"https:\/\/svp.wine\/en\/wp-json\/wp\/v2\/solo?post=24398"},{"taxonomy":"teor_alcoolico","embeddable":true,"href":"https:\/\/svp.wine\/en\/wp-json\/wp\/v2\/teor_alcoolico?post=24398"}],"curies":[{"name":"wp","href":"https:\/\/api.w.org\/{rel}","templated":true}]}}