{"id":24287,"date":"2024-03-11T12:32:19","date_gmt":"2024-03-11T12:32:19","guid":{"rendered":"https:\/\/svp.wine\/?post_type=product&#038;p=24287"},"modified":"2026-02-11T10:44:41","modified_gmt":"2026-02-11T10:44:41","slug":"grande-reserva-tinto","status":"publish","type":"product","link":"https:\/\/svp.wine\/en\/product\/grande-reserva-tinto\/","title":{"rendered":"Grande Reserva Tinto"},"content":{"rendered":"<p>O Grande Reserva Tinto \u00e9 um vinho tinto que reflete muito bem o terroir atl\u00e2ntico de Palmela, um field blend Castel\u00e3o, Touriga Nacional e Cabernet Sauvignon com 16 meses de est\u00e1gio em barricas de carvalho franc\u00eas. Na sua g\u00e9nese \u00e9 repleto de car\u00e1cter e personalidade, ideal para acompanhar carnes vermelhas, pratos condimentados e queijos gordos.<\/p>","protected":false},"excerpt":{"rendered":"<p>O Grande Reserva Tinto \u00e9 um vinho tinto que reflete muito bem o terroir atl\u00e2ntico de Palmela, um field blend Castel\u00e3o, Touriga Nacional e Cabernet Sauvignon com 16 meses de est\u00e1gio em barricas de carvalho franc\u00eas. Na sua g\u00e9nese \u00e9 repleto de car\u00e1cter e personalidade, ideal para acompanhar carnes vermelhas, pratos condimentados e queijos gordos.<\/p>","protected":false},"featured_media":24293,"comment_status":"open","ping_status":"closed","template":"","meta":{"_joinchat":[]},"product_brand":[],"product_cat":[85],"product_tag":[],"acidez_total":[233],"acucar_residual":[317],"ano":[309],"casta":[239,216,238],"classificacao":[222],"embalagem":[224],"marca":[225],"solo":[236],"teor_alcoolico":[316],"class_list":{"0":"post-24287","1":"product","2":"type-product","3":"status-publish","4":"has-post-thumbnail","6":"product_cat-grande-reserva","7":"acidez_total-45-g-l","8":"acucar_residual-2-g-l","9":"ano-309","10":"casta-cabernet-sauvignon","11":"casta-castelao","12":"casta-touriga-nacional","13":"classificacao-vinho-tinto","14":"embalagem-75cl","15":"marca-sociedade-vinicola-de-palmela","16":"solo-arenoso","17":"teor_alcoolico-145-vol","19":"first","20":"instock","21":"taxable","22":"shipping-taxable","23":"purchasable","24":"product-type-simple"},"_links":{"self":[{"href":"https:\/\/svp.wine\/en\/wp-json\/wp\/v2\/product\/24287","targetHints":{"allow":["GET"]}}],"collection":[{"href":"https:\/\/svp.wine\/en\/wp-json\/wp\/v2\/product"}],"about":[{"href":"https:\/\/svp.wine\/en\/wp-json\/wp\/v2\/types\/product"}],"replies":[{"embeddable":true,"href":"https:\/\/svp.wine\/en\/wp-json\/wp\/v2\/comments?post=24287"}],"wp:featuredmedia":[{"embeddable":true,"href":"https:\/\/svp.wine\/en\/wp-json\/wp\/v2\/media\/24293"}],"wp:attachment":[{"href":"https:\/\/svp.wine\/en\/wp-json\/wp\/v2\/media?parent=24287"}],"wp:term":[{"taxonomy":"product_brand","embeddable":true,"href":"https:\/\/svp.wine\/en\/wp-json\/wp\/v2\/product_brand?post=24287"},{"taxonomy":"product_cat","embeddable":true,"href":"https:\/\/svp.wine\/en\/wp-json\/wp\/v2\/product_cat?post=24287"},{"taxonomy":"product_tag","embeddable":true,"href":"https:\/\/svp.wine\/en\/wp-json\/wp\/v2\/product_tag?post=24287"},{"taxonomy":"acidez_total","embeddable":true,"href":"https:\/\/svp.wine\/en\/wp-json\/wp\/v2\/acidez_total?post=24287"},{"taxonomy":"acucar_residual","embeddable":true,"href":"https:\/\/svp.wine\/en\/wp-json\/wp\/v2\/acucar_residual?post=24287"},{"taxonomy":"ano","embeddable":true,"href":"https:\/\/svp.wine\/en\/wp-json\/wp\/v2\/ano?post=24287"},{"taxonomy":"casta","embeddable":true,"href":"https:\/\/svp.wine\/en\/wp-json\/wp\/v2\/casta?post=24287"},{"taxonomy":"classificacao","embeddable":true,"href":"https:\/\/svp.wine\/en\/wp-json\/wp\/v2\/classificacao?post=24287"},{"taxonomy":"embalagem","embeddable":true,"href":"https:\/\/svp.wine\/en\/wp-json\/wp\/v2\/embalagem?post=24287"},{"taxonomy":"marca","embeddable":true,"href":"https:\/\/svp.wine\/en\/wp-json\/wp\/v2\/marca?post=24287"},{"taxonomy":"solo","embeddable":true,"href":"https:\/\/svp.wine\/en\/wp-json\/wp\/v2\/solo?post=24287"},{"taxonomy":"teor_alcoolico","embeddable":true,"href":"https:\/\/svp.wine\/en\/wp-json\/wp\/v2\/teor_alcoolico?post=24287"}],"curies":[{"name":"wp","href":"https:\/\/api.w.org\/{rel}","templated":true}]}}