{"id":24286,"date":"2024-03-11T12:29:54","date_gmt":"2024-03-11T12:29:54","guid":{"rendered":"https:\/\/svp.wine\/?post_type=product&#038;p=24286"},"modified":"2026-02-11T11:04:51","modified_gmt":"2026-02-11T11:04:51","slug":"grande-reserva-branco","status":"publish","type":"product","link":"https:\/\/svp.wine\/en\/product\/grande-reserva-branco\/","title":{"rendered":"Grande Reserva Branco"},"content":{"rendered":"<p>Grande Reserva Branco: Este vinho reflete muito bem o <em>terroir<\/em> Atl\u00e2ntico de Palmela. Produzido a partir de diversas castas brancas da tradicionais da regi\u00e3o, fermentou em cascos de 600 litros de carvalho franc\u00eas. \u00c9 um vinho com grande car\u00e1cter, fresco, vibrante e de excelente estrutura, ideal para acompanhar peixes gordos e carnes brancas.<\/p>","protected":false},"excerpt":{"rendered":"<p>Grande Reserva Branco: Este vinho reflete muito bem o terroir Atl\u00e2ntico de Palmela. Produzido a partir de diversas castas brancas da tradicionais da regi\u00e3o, fermentou em cascos de 600 litros de carvalho franc\u00eas. \u00c9 um vinho com grande car\u00e1cter, fresco, vibrante e de excelente estrutura, ideal para acompanhar peixes gordos e carnes brancas.<\/p>","protected":false},"featured_media":24578,"comment_status":"open","ping_status":"closed","template":"","meta":{"_joinchat":[]},"product_brand":[],"product_cat":[85],"product_tag":[],"acidez_total":[233],"acucar_residual":[317],"ano":[],"casta":[218,217],"classificacao":[221],"embalagem":[224],"marca":[225],"solo":[236],"teor_alcoolico":[316],"class_list":{"0":"post-24286","1":"product","2":"type-product","3":"status-publish","4":"has-post-thumbnail","6":"product_cat-grande-reserva","7":"acidez_total-45-g-l","8":"acucar_residual-2-g-l","9":"casta-arinto","10":"casta-fernao-pires","11":"classificacao-vinho-branco","12":"embalagem-75cl","13":"marca-sociedade-vinicola-de-palmela","14":"solo-arenoso","15":"teor_alcoolico-145-vol","17":"first","18":"instock","19":"taxable","20":"shipping-taxable","21":"purchasable","22":"product-type-simple"},"_links":{"self":[{"href":"https:\/\/svp.wine\/en\/wp-json\/wp\/v2\/product\/24286","targetHints":{"allow":["GET"]}}],"collection":[{"href":"https:\/\/svp.wine\/en\/wp-json\/wp\/v2\/product"}],"about":[{"href":"https:\/\/svp.wine\/en\/wp-json\/wp\/v2\/types\/product"}],"replies":[{"embeddable":true,"href":"https:\/\/svp.wine\/en\/wp-json\/wp\/v2\/comments?post=24286"}],"wp:featuredmedia":[{"embeddable":true,"href":"https:\/\/svp.wine\/en\/wp-json\/wp\/v2\/media\/24578"}],"wp:attachment":[{"href":"https:\/\/svp.wine\/en\/wp-json\/wp\/v2\/media?parent=24286"}],"wp:term":[{"taxonomy":"product_brand","embeddable":true,"href":"https:\/\/svp.wine\/en\/wp-json\/wp\/v2\/product_brand?post=24286"},{"taxonomy":"product_cat","embeddable":true,"href":"https:\/\/svp.wine\/en\/wp-json\/wp\/v2\/product_cat?post=24286"},{"taxonomy":"product_tag","embeddable":true,"href":"https:\/\/svp.wine\/en\/wp-json\/wp\/v2\/product_tag?post=24286"},{"taxonomy":"acidez_total","embeddable":true,"href":"https:\/\/svp.wine\/en\/wp-json\/wp\/v2\/acidez_total?post=24286"},{"taxonomy":"acucar_residual","embeddable":true,"href":"https:\/\/svp.wine\/en\/wp-json\/wp\/v2\/acucar_residual?post=24286"},{"taxonomy":"ano","embeddable":true,"href":"https:\/\/svp.wine\/en\/wp-json\/wp\/v2\/ano?post=24286"},{"taxonomy":"casta","embeddable":true,"href":"https:\/\/svp.wine\/en\/wp-json\/wp\/v2\/casta?post=24286"},{"taxonomy":"classificacao","embeddable":true,"href":"https:\/\/svp.wine\/en\/wp-json\/wp\/v2\/classificacao?post=24286"},{"taxonomy":"embalagem","embeddable":true,"href":"https:\/\/svp.wine\/en\/wp-json\/wp\/v2\/embalagem?post=24286"},{"taxonomy":"marca","embeddable":true,"href":"https:\/\/svp.wine\/en\/wp-json\/wp\/v2\/marca?post=24286"},{"taxonomy":"solo","embeddable":true,"href":"https:\/\/svp.wine\/en\/wp-json\/wp\/v2\/solo?post=24286"},{"taxonomy":"teor_alcoolico","embeddable":true,"href":"https:\/\/svp.wine\/en\/wp-json\/wp\/v2\/teor_alcoolico?post=24286"}],"curies":[{"name":"wp","href":"https:\/\/api.w.org\/{rel}","templated":true}]}}