{"id":24285,"date":"2024-03-11T12:27:03","date_gmt":"2024-03-11T12:27:03","guid":{"rendered":"https:\/\/svp.wine\/?post_type=product&#038;p=24285"},"modified":"2024-10-15T10:46:23","modified_gmt":"2024-10-15T10:46:23","slug":"botelharia-branco-2009","status":"publish","type":"product","link":"https:\/\/svp.wine\/en\/product\/botelharia-branco-2009\/","title":{"rendered":"Botelharia White 2009"},"content":{"rendered":"<div class=\"col-xs-12\">\n<div class=\"tab-container\">\n<div class=\"tab-content\">\n<div id=\"tab-details\" class=\"tab-pane active\" role=\"tabpanel\">\n<div class=\"col-sm-12 col-md-10 col-md-offset-1\">\n<p>With the great growth potential of the <strong>Botelharia White 2009 <\/strong>it is a wine that has been aged for 11 years in the bottle and vinified in French oak barrels, with a blend distinguished by the Fern\u00e3o Pires and Arinto grape varieties. It is suitable for true connoisseurs and experts who appreciate the complexity that can only be achieved through time and careful confinement in the bottle. It is undoubtedly a wine destined for marking great moments.<\/p>\n<\/div>\n<\/div>\n<\/div>\n<\/div>\n<\/div>","protected":false},"excerpt":{"rendered":"<p>Com grande potencial de crescimento, o Botelharia Branco 2009 \u00e9 um vinho que foi envelhecido durante 11 anos em garrafa e vinificado em barricas de carvalho franc\u00eas, cujo blend \u00e9 demarcado pelas castas Fern\u00e3o Pires e Arinto. Apropriado para verdadeiros apreciadores e especialistas, para quem valoriza a complexidade que s\u00f3 se adquire com tempo e&hellip;<\/p>","protected":false},"featured_media":23757,"comment_status":"open","ping_status":"closed","template":"","meta":{"_joinchat":{"telephone":"+351926289382"}},"product_brand":[],"product_cat":[276],"product_tag":[],"acidez_total":[231],"acucar_residual":[317],"ano":[320],"casta":[218,217],"classificacao":[221],"embalagem":[224],"marca":[225],"solo":[236],"teor_alcoolico":[229],"class_list":{"0":"post-24285","1":"product","2":"type-product","3":"status-publish","4":"has-post-thumbnail","6":"product_cat-botelharia","7":"acidez_total-55-g-l","8":"acucar_residual-2-g-l","9":"ano-320","10":"casta-arinto","11":"casta-fernao-pires","12":"classificacao-vinho-branco","13":"embalagem-75cl","14":"marca-sociedade-vinicola-de-palmela","15":"solo-arenoso","16":"teor_alcoolico-13-vol","18":"first","19":"instock","20":"taxable","21":"shipping-taxable","22":"purchasable","23":"product-type-simple"},"_links":{"self":[{"href":"https:\/\/svp.wine\/en\/wp-json\/wp\/v2\/product\/24285","targetHints":{"allow":["GET"]}}],"collection":[{"href":"https:\/\/svp.wine\/en\/wp-json\/wp\/v2\/product"}],"about":[{"href":"https:\/\/svp.wine\/en\/wp-json\/wp\/v2\/types\/product"}],"replies":[{"embeddable":true,"href":"https:\/\/svp.wine\/en\/wp-json\/wp\/v2\/comments?post=24285"}],"wp:featuredmedia":[{"embeddable":true,"href":"https:\/\/svp.wine\/en\/wp-json\/wp\/v2\/media\/23757"}],"wp:attachment":[{"href":"https:\/\/svp.wine\/en\/wp-json\/wp\/v2\/media?parent=24285"}],"wp:term":[{"taxonomy":"product_brand","embeddable":true,"href":"https:\/\/svp.wine\/en\/wp-json\/wp\/v2\/product_brand?post=24285"},{"taxonomy":"product_cat","embeddable":true,"href":"https:\/\/svp.wine\/en\/wp-json\/wp\/v2\/product_cat?post=24285"},{"taxonomy":"product_tag","embeddable":true,"href":"https:\/\/svp.wine\/en\/wp-json\/wp\/v2\/product_tag?post=24285"},{"taxonomy":"acidez_total","embeddable":true,"href":"https:\/\/svp.wine\/en\/wp-json\/wp\/v2\/acidez_total?post=24285"},{"taxonomy":"acucar_residual","embeddable":true,"href":"https:\/\/svp.wine\/en\/wp-json\/wp\/v2\/acucar_residual?post=24285"},{"taxonomy":"ano","embeddable":true,"href":"https:\/\/svp.wine\/en\/wp-json\/wp\/v2\/ano?post=24285"},{"taxonomy":"casta","embeddable":true,"href":"https:\/\/svp.wine\/en\/wp-json\/wp\/v2\/casta?post=24285"},{"taxonomy":"classificacao","embeddable":true,"href":"https:\/\/svp.wine\/en\/wp-json\/wp\/v2\/classificacao?post=24285"},{"taxonomy":"embalagem","embeddable":true,"href":"https:\/\/svp.wine\/en\/wp-json\/wp\/v2\/embalagem?post=24285"},{"taxonomy":"marca","embeddable":true,"href":"https:\/\/svp.wine\/en\/wp-json\/wp\/v2\/marca?post=24285"},{"taxonomy":"solo","embeddable":true,"href":"https:\/\/svp.wine\/en\/wp-json\/wp\/v2\/solo?post=24285"},{"taxonomy":"teor_alcoolico","embeddable":true,"href":"https:\/\/svp.wine\/en\/wp-json\/wp\/v2\/teor_alcoolico?post=24285"}],"curies":[{"name":"wp","href":"https:\/\/api.w.org\/{rel}","templated":true}]}}