{"id":24279,"date":"2024-03-11T11:33:57","date_gmt":"2024-03-11T11:33:57","guid":{"rendered":"https:\/\/svp.wine\/?post_type=product&#038;p=24279"},"modified":"2026-02-11T11:05:40","modified_gmt":"2026-02-11T11:05:40","slug":"serra-mae-colheita-rose","status":"publish","type":"product","link":"https:\/\/svp.wine\/en\/product\/serra-mae-colheita-rose\/","title":{"rendered":"Serra M\u00e3e Colheita Ros\u00e9"},"content":{"rendered":"<p>Serra M\u00e3e Colheita Rose:<\/p>\n<p>SERRA MAI \u00e9 o nome que Sebasti\u00e3o da Gama d\u00e1 \u00e0 Serra da Arr\u00e1bida, que metaforicamente apelida de M\u00c3E. Este Poeta que nasceu em Azeit\u00e3o procurou, durante toda a sua vida e obra a paz plena com a Natureza, questionando a sua grandiosidade face ao Homem.<\/p>\n<p>Este rosado, de cor salm\u00e3o p\u00e1lida, foi produzido com uvas das castas Syrah, Aragonez e Castel\u00e3o. \u00c9 aromaticamente rico e exuberante, com os frutos vermelhos em evid\u00eancia. No palato \u00e9 fresco, equilibrado e gastron\u00f3mico.<\/p>","protected":false},"excerpt":{"rendered":"<p>Serra M\u00e3e Colheita Rose: SERRA MAI \u00e9 o nome que Sebasti\u00e3o da Gama d\u00e1 \u00e0 Serra da Arr\u00e1bida, que metaforicamente apelida de M\u00c3E. Este Poeta que nasceu em Azeit\u00e3o procurou, durante toda a sua vida e obra a paz plena com a Natureza, questionando a sua grandiosidade face ao Homem. Este rosado, de cor salm\u00e3o&hellip;<\/p>","protected":false},"featured_media":24281,"comment_status":"open","ping_status":"closed","template":"","meta":{"_joinchat":[]},"product_brand":[],"product_cat":[208],"product_tag":[],"acidez_total":[312],"acucar_residual":[314],"ano":[],"casta":[215,216,214],"classificacao":[220],"embalagem":[224],"marca":[225],"solo":[236],"teor_alcoolico":[311],"class_list":{"0":"post-24279","1":"product","2":"type-product","3":"status-publish","4":"has-post-thumbnail","6":"product_cat-serra-mae","7":"acidez_total-637-g-l","8":"acucar_residual-1-g-l","9":"casta-aragonez","10":"casta-castelao","11":"casta-syrah","12":"classificacao-vinho-rose","13":"embalagem-75cl","14":"marca-sociedade-vinicola-de-palmela","15":"solo-arenoso","16":"teor_alcoolico-14-vol","18":"first","19":"instock","20":"taxable","21":"shipping-taxable","22":"purchasable","23":"product-type-simple"},"_links":{"self":[{"href":"https:\/\/svp.wine\/en\/wp-json\/wp\/v2\/product\/24279","targetHints":{"allow":["GET"]}}],"collection":[{"href":"https:\/\/svp.wine\/en\/wp-json\/wp\/v2\/product"}],"about":[{"href":"https:\/\/svp.wine\/en\/wp-json\/wp\/v2\/types\/product"}],"replies":[{"embeddable":true,"href":"https:\/\/svp.wine\/en\/wp-json\/wp\/v2\/comments?post=24279"}],"wp:featuredmedia":[{"embeddable":true,"href":"https:\/\/svp.wine\/en\/wp-json\/wp\/v2\/media\/24281"}],"wp:attachment":[{"href":"https:\/\/svp.wine\/en\/wp-json\/wp\/v2\/media?parent=24279"}],"wp:term":[{"taxonomy":"product_brand","embeddable":true,"href":"https:\/\/svp.wine\/en\/wp-json\/wp\/v2\/product_brand?post=24279"},{"taxonomy":"product_cat","embeddable":true,"href":"https:\/\/svp.wine\/en\/wp-json\/wp\/v2\/product_cat?post=24279"},{"taxonomy":"product_tag","embeddable":true,"href":"https:\/\/svp.wine\/en\/wp-json\/wp\/v2\/product_tag?post=24279"},{"taxonomy":"acidez_total","embeddable":true,"href":"https:\/\/svp.wine\/en\/wp-json\/wp\/v2\/acidez_total?post=24279"},{"taxonomy":"acucar_residual","embeddable":true,"href":"https:\/\/svp.wine\/en\/wp-json\/wp\/v2\/acucar_residual?post=24279"},{"taxonomy":"ano","embeddable":true,"href":"https:\/\/svp.wine\/en\/wp-json\/wp\/v2\/ano?post=24279"},{"taxonomy":"casta","embeddable":true,"href":"https:\/\/svp.wine\/en\/wp-json\/wp\/v2\/casta?post=24279"},{"taxonomy":"classificacao","embeddable":true,"href":"https:\/\/svp.wine\/en\/wp-json\/wp\/v2\/classificacao?post=24279"},{"taxonomy":"embalagem","embeddable":true,"href":"https:\/\/svp.wine\/en\/wp-json\/wp\/v2\/embalagem?post=24279"},{"taxonomy":"marca","embeddable":true,"href":"https:\/\/svp.wine\/en\/wp-json\/wp\/v2\/marca?post=24279"},{"taxonomy":"solo","embeddable":true,"href":"https:\/\/svp.wine\/en\/wp-json\/wp\/v2\/solo?post=24279"},{"taxonomy":"teor_alcoolico","embeddable":true,"href":"https:\/\/svp.wine\/en\/wp-json\/wp\/v2\/teor_alcoolico?post=24279"}],"curies":[{"name":"wp","href":"https:\/\/api.w.org\/{rel}","templated":true}]}}