{"id":24278,"date":"2024-03-11T11:33:55","date_gmt":"2024-03-11T11:33:55","guid":{"rendered":"https:\/\/svp.wine\/?post_type=product&#038;p=24278"},"modified":"2026-02-11T11:05:51","modified_gmt":"2026-02-11T11:05:51","slug":"serra-mae-colheita-branco","status":"publish","type":"product","link":"https:\/\/svp.wine\/en\/product\/serra-mae-colheita-branco\/","title":{"rendered":"Serra M\u00e3e Colheita Branco"},"content":{"rendered":"<p>Serra M\u00e3e Colheita Branco<\/p>\n<p>SERRA MAI \u00e9 o nome que Sebasti\u00e3o da Gama d\u00e1 \u00e0 Serra da Arr\u00e1bida, que metaforicamente apelida de M\u00c3E. Este Poeta que nasceu em Azeit\u00e3o procurou, durante toda a sua vida e obra a paz plena com a Natureza, questionando a sua grandiosidade face ao Homem.<\/p>\n<p>Este branco, de cor citrina, produzido com uvas das castas Fern\u00e3o Pires, Arinto e Roupeiro. Intenso no aroma, com predomin\u00e2ncia para as notas de fruta ex\u00f3tica e de polpa branca. No palato \u00e9 fresco, equilibrado e gastron\u00f3mico. Devera ser consumido jovem, entre os 10\u00b0 e o 12\u00b0C.<\/p>","protected":false},"excerpt":{"rendered":"<p>Serra M\u00e3e Colheita Branco SERRA MAI \u00e9 o nome que Sebasti\u00e3o da Gama d\u00e1 \u00e0 Serra da Arr\u00e1bida, que metaforicamente apelida de M\u00c3E. Este Poeta que nasceu em Azeit\u00e3o procurou, durante toda a sua vida e obra a paz plena com a Natureza, questionando a sua grandiosidade face ao Homem. Este branco, de cor citrina,&hellip;<\/p>","protected":false},"featured_media":23921,"comment_status":"open","ping_status":"closed","template":"","meta":{"_joinchat":[]},"product_brand":[],"product_cat":[208],"product_tag":[],"acidez_total":[230],"acucar_residual":[313],"ano":[],"casta":[218,217,219],"classificacao":[221],"embalagem":[224],"marca":[225],"solo":[236],"teor_alcoolico":[260],"class_list":{"0":"post-24278","1":"product","2":"type-product","3":"status-publish","4":"has-post-thumbnail","6":"product_cat-serra-mae","7":"acidez_total-641-g-l","8":"acucar_residual-06-g-l-2","9":"casta-arinto","10":"casta-fernao-pires","11":"casta-roupeiro","12":"classificacao-vinho-branco","13":"embalagem-75cl","14":"marca-sociedade-vinicola-de-palmela","15":"solo-arenoso","16":"teor_alcoolico-125-vol","18":"first","19":"instock","20":"taxable","21":"shipping-taxable","22":"purchasable","23":"product-type-simple"},"_links":{"self":[{"href":"https:\/\/svp.wine\/en\/wp-json\/wp\/v2\/product\/24278","targetHints":{"allow":["GET"]}}],"collection":[{"href":"https:\/\/svp.wine\/en\/wp-json\/wp\/v2\/product"}],"about":[{"href":"https:\/\/svp.wine\/en\/wp-json\/wp\/v2\/types\/product"}],"replies":[{"embeddable":true,"href":"https:\/\/svp.wine\/en\/wp-json\/wp\/v2\/comments?post=24278"}],"wp:featuredmedia":[{"embeddable":true,"href":"https:\/\/svp.wine\/en\/wp-json\/wp\/v2\/media\/23921"}],"wp:attachment":[{"href":"https:\/\/svp.wine\/en\/wp-json\/wp\/v2\/media?parent=24278"}],"wp:term":[{"taxonomy":"product_brand","embeddable":true,"href":"https:\/\/svp.wine\/en\/wp-json\/wp\/v2\/product_brand?post=24278"},{"taxonomy":"product_cat","embeddable":true,"href":"https:\/\/svp.wine\/en\/wp-json\/wp\/v2\/product_cat?post=24278"},{"taxonomy":"product_tag","embeddable":true,"href":"https:\/\/svp.wine\/en\/wp-json\/wp\/v2\/product_tag?post=24278"},{"taxonomy":"acidez_total","embeddable":true,"href":"https:\/\/svp.wine\/en\/wp-json\/wp\/v2\/acidez_total?post=24278"},{"taxonomy":"acucar_residual","embeddable":true,"href":"https:\/\/svp.wine\/en\/wp-json\/wp\/v2\/acucar_residual?post=24278"},{"taxonomy":"ano","embeddable":true,"href":"https:\/\/svp.wine\/en\/wp-json\/wp\/v2\/ano?post=24278"},{"taxonomy":"casta","embeddable":true,"href":"https:\/\/svp.wine\/en\/wp-json\/wp\/v2\/casta?post=24278"},{"taxonomy":"classificacao","embeddable":true,"href":"https:\/\/svp.wine\/en\/wp-json\/wp\/v2\/classificacao?post=24278"},{"taxonomy":"embalagem","embeddable":true,"href":"https:\/\/svp.wine\/en\/wp-json\/wp\/v2\/embalagem?post=24278"},{"taxonomy":"marca","embeddable":true,"href":"https:\/\/svp.wine\/en\/wp-json\/wp\/v2\/marca?post=24278"},{"taxonomy":"solo","embeddable":true,"href":"https:\/\/svp.wine\/en\/wp-json\/wp\/v2\/solo?post=24278"},{"taxonomy":"teor_alcoolico","embeddable":true,"href":"https:\/\/svp.wine\/en\/wp-json\/wp\/v2\/teor_alcoolico?post=24278"}],"curies":[{"name":"wp","href":"https:\/\/api.w.org\/{rel}","templated":true}]}}