{"id":24277,"date":"2024-03-11T11:33:53","date_gmt":"2024-03-11T11:33:53","guid":{"rendered":"https:\/\/svp.wine\/?post_type=product&#038;p=24277"},"modified":"2026-02-11T11:06:04","modified_gmt":"2026-02-11T11:06:04","slug":"serra-mae-sauvignon-blanc","status":"publish","type":"product","link":"https:\/\/svp.wine\/en\/product\/serra-mae-sauvignon-blanc\/","title":{"rendered":"Serra M\u00e3e Sauvignon Blanc"},"content":{"rendered":"<p>Serra M\u00e3e Sauvignon Blanc<\/p>\n<p>SERRA MAI \u00e9 o nome que Sebasti\u00e3o da Gama d\u00e1 \u00e0 Serra da Arr\u00e1bida, que metaforicamente apelida de M\u00c3E. Este Poeta que nasceu em Azeit\u00e3o procurou, durante toda a sua vida e obra a paz plena com a Natureza, questionando a sua grandiosidade face ao Homem.<\/p>\n<p>Este branco, elaborado exclusivamente com uvas da casta Sauvignon Blanc. De cor citrina brilhante, com aromas t\u00edpicos da casta como os espargos, o ch\u00e1 verde e um leve maracuj\u00e1. No palado sente-se uma acidez vibrante, que o torna um \u00f3timo compromisso para o ver\u00e3o. Dever\u00e1 ser consumido jovem, entre os 10\u00b0 e o 12\u00b0C.<\/p>","protected":false},"excerpt":{"rendered":"<p>Serra M\u00e3e Sauvignon Blanc SERRA MAI \u00e9 o nome que Sebasti\u00e3o da Gama d\u00e1 \u00e0 Serra da Arr\u00e1bida, que metaforicamente apelida de M\u00c3E. Este Poeta que nasceu em Azeit\u00e3o procurou, durante toda a sua vida e obra a paz plena com a Natureza, questionando a sua grandiosidade face ao Homem. Este branco, elaborado exclusivamente com&hellip;<\/p>","protected":false},"featured_media":23918,"comment_status":"open","ping_status":"closed","template":"","meta":{"_joinchat":[]},"product_brand":[],"product_cat":[208],"product_tag":[],"acidez_total":[250],"acucar_residual":[313],"ano":[],"casta":[262],"classificacao":[221],"embalagem":[224],"marca":[225],"solo":[236],"teor_alcoolico":[260],"class_list":{"0":"post-24277","1":"product","2":"type-product","3":"status-publish","4":"has-post-thumbnail","6":"product_cat-serra-mae","7":"acidez_total-784-g-l","8":"acucar_residual-06-g-l-2","9":"casta-sauvignon-blanc","10":"classificacao-vinho-branco","11":"embalagem-75cl","12":"marca-sociedade-vinicola-de-palmela","13":"solo-arenoso","14":"teor_alcoolico-125-vol","16":"first","17":"instock","18":"taxable","19":"shipping-taxable","20":"purchasable","21":"product-type-simple"},"_links":{"self":[{"href":"https:\/\/svp.wine\/en\/wp-json\/wp\/v2\/product\/24277","targetHints":{"allow":["GET"]}}],"collection":[{"href":"https:\/\/svp.wine\/en\/wp-json\/wp\/v2\/product"}],"about":[{"href":"https:\/\/svp.wine\/en\/wp-json\/wp\/v2\/types\/product"}],"replies":[{"embeddable":true,"href":"https:\/\/svp.wine\/en\/wp-json\/wp\/v2\/comments?post=24277"}],"wp:featuredmedia":[{"embeddable":true,"href":"https:\/\/svp.wine\/en\/wp-json\/wp\/v2\/media\/23918"}],"wp:attachment":[{"href":"https:\/\/svp.wine\/en\/wp-json\/wp\/v2\/media?parent=24277"}],"wp:term":[{"taxonomy":"product_brand","embeddable":true,"href":"https:\/\/svp.wine\/en\/wp-json\/wp\/v2\/product_brand?post=24277"},{"taxonomy":"product_cat","embeddable":true,"href":"https:\/\/svp.wine\/en\/wp-json\/wp\/v2\/product_cat?post=24277"},{"taxonomy":"product_tag","embeddable":true,"href":"https:\/\/svp.wine\/en\/wp-json\/wp\/v2\/product_tag?post=24277"},{"taxonomy":"acidez_total","embeddable":true,"href":"https:\/\/svp.wine\/en\/wp-json\/wp\/v2\/acidez_total?post=24277"},{"taxonomy":"acucar_residual","embeddable":true,"href":"https:\/\/svp.wine\/en\/wp-json\/wp\/v2\/acucar_residual?post=24277"},{"taxonomy":"ano","embeddable":true,"href":"https:\/\/svp.wine\/en\/wp-json\/wp\/v2\/ano?post=24277"},{"taxonomy":"casta","embeddable":true,"href":"https:\/\/svp.wine\/en\/wp-json\/wp\/v2\/casta?post=24277"},{"taxonomy":"classificacao","embeddable":true,"href":"https:\/\/svp.wine\/en\/wp-json\/wp\/v2\/classificacao?post=24277"},{"taxonomy":"embalagem","embeddable":true,"href":"https:\/\/svp.wine\/en\/wp-json\/wp\/v2\/embalagem?post=24277"},{"taxonomy":"marca","embeddable":true,"href":"https:\/\/svp.wine\/en\/wp-json\/wp\/v2\/marca?post=24277"},{"taxonomy":"solo","embeddable":true,"href":"https:\/\/svp.wine\/en\/wp-json\/wp\/v2\/solo?post=24277"},{"taxonomy":"teor_alcoolico","embeddable":true,"href":"https:\/\/svp.wine\/en\/wp-json\/wp\/v2\/teor_alcoolico?post=24277"}],"curies":[{"name":"wp","href":"https:\/\/api.w.org\/{rel}","templated":true}]}}