{"id":24276,"date":"2024-03-11T11:33:50","date_gmt":"2024-03-11T11:33:50","guid":{"rendered":"https:\/\/svp.wine\/?post_type=product&#038;p=24276"},"modified":"2026-02-11T11:06:16","modified_gmt":"2026-02-11T11:06:16","slug":"serra-mae-tinto-castelao","status":"publish","type":"product","link":"https:\/\/svp.wine\/en\/product\/serra-mae-tinto-castelao\/","title":{"rendered":"Serra M\u00e3e Tinto Castel\u00e3o"},"content":{"rendered":"<p>SERRA MAI \u00e9 o nome que Sebasti\u00e3o da Gama d\u00e1 \u00e0 Serra da Arr\u00e1bida, que metaforicamente apelida de M\u00c3E. Este Poeta que nasceu em Azeit\u00e3o procurou, durante toda a sua vida e obra a paz plena com a Natureza, questionando a sua grandiosidade face ao Homem.<\/p>\n<p>O Serra M\u00e3e Tinto Castel\u00e3o, de cor granada aberto, estilo cl\u00e1ssico e elegante, \u00e9 produzido exclusivamente com uvas oriundas de vinhas da casta castel\u00e3o. Nos aromas ressaltam os frutos vermelhos de bago pequeno, ligeira esteva e especiaria. A eleg\u00e2ncia destaca-se no palato, dando a este vinho um enorme aptid\u00e3o gastron\u00f3mica.<\/p>","protected":false},"excerpt":{"rendered":"<p>SERRA MAI \u00e9 o nome que Sebasti\u00e3o da Gama d\u00e1 \u00e0 Serra da Arr\u00e1bida, que metaforicamente apelida de M\u00c3E. Este Poeta que nasceu em Azeit\u00e3o procurou, durante toda a sua vida e obra a paz plena com a Natureza, questionando a sua grandiosidade face ao Homem. O Serra M\u00e3e Tinto Castel\u00e3o, de cor granada aberto,&hellip;<\/p>","protected":false},"featured_media":23919,"comment_status":"open","ping_status":"closed","template":"","meta":{"_joinchat":[]},"product_brand":[],"product_cat":[208],"product_tag":[],"acidez_total":[],"acucar_residual":[],"ano":[],"casta":[216],"classificacao":[222],"embalagem":[224],"marca":[225],"solo":[],"teor_alcoolico":[],"class_list":{"0":"post-24276","1":"product","2":"type-product","3":"status-publish","4":"has-post-thumbnail","6":"product_cat-serra-mae","7":"casta-castelao","8":"classificacao-vinho-tinto","9":"embalagem-75cl","10":"marca-sociedade-vinicola-de-palmela","12":"first","13":"instock","14":"taxable","15":"shipping-taxable","16":"purchasable","17":"product-type-simple"},"_links":{"self":[{"href":"https:\/\/svp.wine\/en\/wp-json\/wp\/v2\/product\/24276","targetHints":{"allow":["GET"]}}],"collection":[{"href":"https:\/\/svp.wine\/en\/wp-json\/wp\/v2\/product"}],"about":[{"href":"https:\/\/svp.wine\/en\/wp-json\/wp\/v2\/types\/product"}],"replies":[{"embeddable":true,"href":"https:\/\/svp.wine\/en\/wp-json\/wp\/v2\/comments?post=24276"}],"wp:featuredmedia":[{"embeddable":true,"href":"https:\/\/svp.wine\/en\/wp-json\/wp\/v2\/media\/23919"}],"wp:attachment":[{"href":"https:\/\/svp.wine\/en\/wp-json\/wp\/v2\/media?parent=24276"}],"wp:term":[{"taxonomy":"product_brand","embeddable":true,"href":"https:\/\/svp.wine\/en\/wp-json\/wp\/v2\/product_brand?post=24276"},{"taxonomy":"product_cat","embeddable":true,"href":"https:\/\/svp.wine\/en\/wp-json\/wp\/v2\/product_cat?post=24276"},{"taxonomy":"product_tag","embeddable":true,"href":"https:\/\/svp.wine\/en\/wp-json\/wp\/v2\/product_tag?post=24276"},{"taxonomy":"acidez_total","embeddable":true,"href":"https:\/\/svp.wine\/en\/wp-json\/wp\/v2\/acidez_total?post=24276"},{"taxonomy":"acucar_residual","embeddable":true,"href":"https:\/\/svp.wine\/en\/wp-json\/wp\/v2\/acucar_residual?post=24276"},{"taxonomy":"ano","embeddable":true,"href":"https:\/\/svp.wine\/en\/wp-json\/wp\/v2\/ano?post=24276"},{"taxonomy":"casta","embeddable":true,"href":"https:\/\/svp.wine\/en\/wp-json\/wp\/v2\/casta?post=24276"},{"taxonomy":"classificacao","embeddable":true,"href":"https:\/\/svp.wine\/en\/wp-json\/wp\/v2\/classificacao?post=24276"},{"taxonomy":"embalagem","embeddable":true,"href":"https:\/\/svp.wine\/en\/wp-json\/wp\/v2\/embalagem?post=24276"},{"taxonomy":"marca","embeddable":true,"href":"https:\/\/svp.wine\/en\/wp-json\/wp\/v2\/marca?post=24276"},{"taxonomy":"solo","embeddable":true,"href":"https:\/\/svp.wine\/en\/wp-json\/wp\/v2\/solo?post=24276"},{"taxonomy":"teor_alcoolico","embeddable":true,"href":"https:\/\/svp.wine\/en\/wp-json\/wp\/v2\/teor_alcoolico?post=24276"}],"curies":[{"name":"wp","href":"https:\/\/api.w.org\/{rel}","templated":true}]}}