{"id":24275,"date":"2024-03-11T11:33:46","date_gmt":"2024-03-11T11:33:46","guid":{"rendered":"https:\/\/svp.wine\/?post_type=product&#038;p=24275"},"modified":"2026-02-11T11:06:30","modified_gmt":"2026-02-11T11:06:30","slug":"serra-mae-reserva-tinto","status":"publish","type":"product","link":"https:\/\/svp.wine\/en\/product\/serra-mae-reserva-tinto\/","title":{"rendered":"Serra M\u00e3e Reserva Tinto"},"content":{"rendered":"<p>Serra M\u00e3e Reserva Tinto<\/p>\n<p>SERRA MAI \u00e9 o nome que Sebasti\u00e3o da Gama d\u00e1 \u00e0 Serra da Arr\u00e1bida, que metaforicamente apelida de M\u00c3E. Este Poeta que nasceu em Azeit\u00e3o procurou, durante toda a sua vida e obra a paz plena com a Natureza, questionando a sua grandiosidade face ao Homem.<\/p>\n<p>Este tinto, de enorme personalidade, robustez e com uma intensidade corante, \u00e9 produzido exclusivamente com uvas oriundas de vinhas velhas da casta castel\u00e3o e estagiou durante 12 meses em barricas de carvalho franc\u00eas. Dever\u00e1 acompanhar carnes vermelhas, ca\u00e7a e queijos e servido entre os 16\u00b0 e o 18\u00b0C.<\/p>","protected":false},"excerpt":{"rendered":"<p>Serra M\u00e3e Reserva Tinto SERRA MAI \u00e9 o nome que Sebasti\u00e3o da Gama d\u00e1 \u00e0 Serra da Arr\u00e1bida, que metaforicamente apelida de M\u00c3E. Este Poeta que nasceu em Azeit\u00e3o procurou, durante toda a sua vida e obra a paz plena com a Natureza, questionando a sua grandiosidade face ao Homem. Este tinto, de enorme personalidade,&hellip;<\/p>","protected":false},"featured_media":23916,"comment_status":"open","ping_status":"closed","template":"","meta":{"_joinchat":[]},"product_brand":[],"product_cat":[208],"product_tag":[],"acidez_total":[249],"acucar_residual":[313],"ano":[],"casta":[216,315],"classificacao":[222],"embalagem":[224],"marca":[225],"solo":[236],"teor_alcoolico":[259],"class_list":{"0":"post-24275","1":"product","2":"type-product","3":"status-publish","4":"has-post-thumbnail","6":"product_cat-serra-mae","7":"acidez_total-504-g-l","8":"acucar_residual-06-g-l-2","9":"casta-castelao","10":"casta-vinhas-velhas-da-casta-castelao","11":"classificacao-vinho-tinto","12":"embalagem-75cl","13":"marca-sociedade-vinicola-de-palmela","14":"solo-arenoso","15":"teor_alcoolico-135-vol","17":"first","18":"instock","19":"taxable","20":"shipping-taxable","21":"purchasable","22":"product-type-simple"},"_links":{"self":[{"href":"https:\/\/svp.wine\/en\/wp-json\/wp\/v2\/product\/24275","targetHints":{"allow":["GET"]}}],"collection":[{"href":"https:\/\/svp.wine\/en\/wp-json\/wp\/v2\/product"}],"about":[{"href":"https:\/\/svp.wine\/en\/wp-json\/wp\/v2\/types\/product"}],"replies":[{"embeddable":true,"href":"https:\/\/svp.wine\/en\/wp-json\/wp\/v2\/comments?post=24275"}],"wp:featuredmedia":[{"embeddable":true,"href":"https:\/\/svp.wine\/en\/wp-json\/wp\/v2\/media\/23916"}],"wp:attachment":[{"href":"https:\/\/svp.wine\/en\/wp-json\/wp\/v2\/media?parent=24275"}],"wp:term":[{"taxonomy":"product_brand","embeddable":true,"href":"https:\/\/svp.wine\/en\/wp-json\/wp\/v2\/product_brand?post=24275"},{"taxonomy":"product_cat","embeddable":true,"href":"https:\/\/svp.wine\/en\/wp-json\/wp\/v2\/product_cat?post=24275"},{"taxonomy":"product_tag","embeddable":true,"href":"https:\/\/svp.wine\/en\/wp-json\/wp\/v2\/product_tag?post=24275"},{"taxonomy":"acidez_total","embeddable":true,"href":"https:\/\/svp.wine\/en\/wp-json\/wp\/v2\/acidez_total?post=24275"},{"taxonomy":"acucar_residual","embeddable":true,"href":"https:\/\/svp.wine\/en\/wp-json\/wp\/v2\/acucar_residual?post=24275"},{"taxonomy":"ano","embeddable":true,"href":"https:\/\/svp.wine\/en\/wp-json\/wp\/v2\/ano?post=24275"},{"taxonomy":"casta","embeddable":true,"href":"https:\/\/svp.wine\/en\/wp-json\/wp\/v2\/casta?post=24275"},{"taxonomy":"classificacao","embeddable":true,"href":"https:\/\/svp.wine\/en\/wp-json\/wp\/v2\/classificacao?post=24275"},{"taxonomy":"embalagem","embeddable":true,"href":"https:\/\/svp.wine\/en\/wp-json\/wp\/v2\/embalagem?post=24275"},{"taxonomy":"marca","embeddable":true,"href":"https:\/\/svp.wine\/en\/wp-json\/wp\/v2\/marca?post=24275"},{"taxonomy":"solo","embeddable":true,"href":"https:\/\/svp.wine\/en\/wp-json\/wp\/v2\/solo?post=24275"},{"taxonomy":"teor_alcoolico","embeddable":true,"href":"https:\/\/svp.wine\/en\/wp-json\/wp\/v2\/teor_alcoolico?post=24275"}],"curies":[{"name":"wp","href":"https:\/\/api.w.org\/{rel}","templated":true}]}}