{"id":24268,"date":"2024-03-11T11:12:58","date_gmt":"2024-03-11T11:12:58","guid":{"rendered":"https:\/\/svp.wine\/?post_type=product&#038;p=24268"},"modified":"2026-02-11T10:46:54","modified_gmt":"2026-02-11T10:46:54","slug":"moscatel-de-setubal-5-anos","status":"publish","type":"product","link":"https:\/\/svp.wine\/en\/product\/moscatel-de-setubal-5-anos\/","title":{"rendered":"SVP Moscatel de Set\u00fabal 5 anos"},"content":{"rendered":"<p><strong>SVP Moscatel de Set\u00fabal 5 anos<\/strong><\/p>\n<p>O Moscatel de Set\u00fabal 5 anos \u00e9 um <em>blend<\/em> de moscat\u00e9is com idade superior a 5 anos, estagiados em barricas de madeira de v\u00e1rias proveni\u00eancias.<\/p>\n<p>De cor \u00e2mbar, imp\u00f5em-se um perfil de evolu\u00e7\u00e3o ainda com a fruta muito presente, onde aparecem notas de fumo acompanhadas de mel e casca de laranja.<\/p>\n<p>Final volumoso, fresco e bastante equilibrado.<\/p>","protected":false},"excerpt":{"rendered":"<p>SVP Moscatel de Set\u00fabal 5 anos O Moscatel de Set\u00fabal 5 anos \u00e9 um blend de moscat\u00e9is com idade superior a 5 anos, estagiados em barricas de madeira de v\u00e1rias proveni\u00eancias. De cor \u00e2mbar, imp\u00f5em-se um perfil de evolu\u00e7\u00e3o ainda com a fruta muito presente, onde aparecem notas de fumo acompanhadas de mel e casca&hellip;<\/p>","protected":false},"featured_media":24271,"comment_status":"open","ping_status":"closed","template":"","meta":{"_joinchat":[]},"product_brand":[],"product_cat":[275],"product_tag":[299,283,284,285,290,288,289,286,287,291,292,293,294,295,296,297,298],"acidez_total":[307],"acucar_residual":[306],"ano":[],"casta":[],"classificacao":[],"embalagem":[282],"marca":[225],"solo":[236],"teor_alcoolico":[300],"class_list":{"0":"post-24268","1":"product","2":"type-product","3":"status-publish","4":"has-post-thumbnail","6":"product_cat-moscatel-svp","7":"product_tag-best-wines","8":"product_tag-moscatel","9":"product_tag-moscatel-de-setubal","10":"product_tag-muscat","11":"product_tag-paixao-pelo-que-somos","12":"product_tag-palmela","13":"product_tag-palmela-wine-company","14":"product_tag-setubal","15":"product_tag-svp","16":"product_tag-wine","17":"product_tag-wine-brand","18":"product_tag-wine-experience","19":"product_tag-wine-life","20":"product_tag-wine-lover","21":"product_tag-wine-making","22":"product_tag-wine-sense","23":"product_tag-wine-tasting","24":"acidez_total-371-g-l","25":"acucar_residual-1826-g-l","26":"embalagem-50cl","27":"marca-sociedade-vinicola-de-palmela","28":"solo-arenoso","29":"teor_alcoolico-17-vol","31":"first","32":"instock","33":"taxable","34":"shipping-taxable","35":"purchasable","36":"product-type-simple"},"_links":{"self":[{"href":"https:\/\/svp.wine\/en\/wp-json\/wp\/v2\/product\/24268","targetHints":{"allow":["GET"]}}],"collection":[{"href":"https:\/\/svp.wine\/en\/wp-json\/wp\/v2\/product"}],"about":[{"href":"https:\/\/svp.wine\/en\/wp-json\/wp\/v2\/types\/product"}],"replies":[{"embeddable":true,"href":"https:\/\/svp.wine\/en\/wp-json\/wp\/v2\/comments?post=24268"}],"wp:featuredmedia":[{"embeddable":true,"href":"https:\/\/svp.wine\/en\/wp-json\/wp\/v2\/media\/24271"}],"wp:attachment":[{"href":"https:\/\/svp.wine\/en\/wp-json\/wp\/v2\/media?parent=24268"}],"wp:term":[{"taxonomy":"product_brand","embeddable":true,"href":"https:\/\/svp.wine\/en\/wp-json\/wp\/v2\/product_brand?post=24268"},{"taxonomy":"product_cat","embeddable":true,"href":"https:\/\/svp.wine\/en\/wp-json\/wp\/v2\/product_cat?post=24268"},{"taxonomy":"product_tag","embeddable":true,"href":"https:\/\/svp.wine\/en\/wp-json\/wp\/v2\/product_tag?post=24268"},{"taxonomy":"acidez_total","embeddable":true,"href":"https:\/\/svp.wine\/en\/wp-json\/wp\/v2\/acidez_total?post=24268"},{"taxonomy":"acucar_residual","embeddable":true,"href":"https:\/\/svp.wine\/en\/wp-json\/wp\/v2\/acucar_residual?post=24268"},{"taxonomy":"ano","embeddable":true,"href":"https:\/\/svp.wine\/en\/wp-json\/wp\/v2\/ano?post=24268"},{"taxonomy":"casta","embeddable":true,"href":"https:\/\/svp.wine\/en\/wp-json\/wp\/v2\/casta?post=24268"},{"taxonomy":"classificacao","embeddable":true,"href":"https:\/\/svp.wine\/en\/wp-json\/wp\/v2\/classificacao?post=24268"},{"taxonomy":"embalagem","embeddable":true,"href":"https:\/\/svp.wine\/en\/wp-json\/wp\/v2\/embalagem?post=24268"},{"taxonomy":"marca","embeddable":true,"href":"https:\/\/svp.wine\/en\/wp-json\/wp\/v2\/marca?post=24268"},{"taxonomy":"solo","embeddable":true,"href":"https:\/\/svp.wine\/en\/wp-json\/wp\/v2\/solo?post=24268"},{"taxonomy":"teor_alcoolico","embeddable":true,"href":"https:\/\/svp.wine\/en\/wp-json\/wp\/v2\/teor_alcoolico?post=24268"}],"curies":[{"name":"wp","href":"https:\/\/api.w.org\/{rel}","templated":true}]}}