{"id":24266,"date":"2024-03-11T11:12:52","date_gmt":"2024-03-11T11:12:52","guid":{"rendered":"https:\/\/svp.wine\/?post_type=product&#038;p=24266"},"modified":"2026-02-11T10:51:55","modified_gmt":"2026-02-11T10:51:55","slug":"moscatel-de-setubal-10-anos","status":"publish","type":"product","link":"https:\/\/svp.wine\/en\/product\/moscatel-de-setubal-10-anos\/","title":{"rendered":"SVP Moscatel de Set\u00fabal 10 anos"},"content":{"rendered":"<p><strong>Moscatel de Set\u00fabal 10 years<\/strong><\/p>\n<p>Blend de moscat\u00e9is roxos com idade superior a 10 anos, estagiados em barricas de madeira de v\u00e1rias proveni\u00eancias.<\/p>\n<p>De cor \u00e2mbar, imp\u00f5em-se um perfil evolutivo complexo, de aromas a tabaco e madeira velha, misturados com ch\u00e1 e flor de laranjeira.<\/p>\n<p>Final Corpulento, untuoso e fresco.<\/p>","protected":false},"excerpt":{"rendered":"<p><strong>Uma Viagem Sensorial: Moscatel de Set\u00fabal 10 anos<\/strong> Descubra o prest\u00edgio e a heran\u00e7a de uma bebida que promete uma viagem sensorial \u00fanica. O Moscatel de Set\u00fabal 10 anos \u00e9 uma verdadeira joia da vinicultura portuguesa, um tesouro que aguarda ser descoberto.<\/p>\n<h2><strong>Heran\u00e7a e Requinte<\/strong><\/h2>\n<ul>\n<li><strong>Blend Secular de Excel\u00eancia:<\/strong> O Moscatel de Set\u00fabal 10 anos \u00e9 um blend exclusivo de moscat\u00e9is roxos, criteriosamente selecionados, com mais de 10 anos de envelhecimento em barricas de madeira de variadas proveni\u00eancias. Este processo de matura\u00e7\u00e3o confere ao vinho uma complexidade e um car\u00e1cter evolutivo sem paralelo.<\/li>\n<li><strong>Perfil Arom\u00e1tico \u00danico:<\/strong> A cor \u00e2mbar sedutora prenuncia uma experi\u00eancia arom\u00e1tica complexa e envolvente. Notas de tabaco e madeira velha entrela\u00e7am-se harmoniosamente com nuances de ch\u00e1 e flor de laranjeira, criando um buqu\u00ea arom\u00e1tico que desafia os sentidos.<\/li>\n<li><strong>Final Memor\u00e1vel:<\/strong> O paladar \u00e9 agraciado com um final corpulento, untuoso e simultaneamente fresco, uma prova de maestria e equil\u00edbrio. \u00c9 a promessa de um momento \u00fanico, que perdura na mem\u00f3ria e convida a repetir a experi\u00eancia.<\/li>\n<\/ul>\n<h2><strong>Porque Deve Escolher o Moscatel de Set\u00fabal 10 anos?<\/strong><\/h2>\n<ul>\n<li><strong>Legado de Qualidade:<\/strong> O Moscatel de Set\u00fabal 10 anos \u00e9 mais do que um vinho; \u00e9 uma celebra\u00e7\u00e3o da tradi\u00e7\u00e3o vin\u00edcola portuguesa, um legado que se renova a cada garrafa.<\/li>\n<li><strong>Versatilidade e Eleg\u00e2ncia:<\/strong> Perfeito para acompanhar momentos especiais, desde jantares elegantes a noites tranquilas ao lado de bons livros e m\u00fasica ambiente. Sua versatilidade faz dele uma escolha acertada para qualquer ocasi\u00e3o.<\/li>\n<li><strong>Investimento em Prazer:<\/strong> A aquisi\u00e7\u00e3o deste Moscatel n\u00e3o \u00e9 apenas uma compra, mas um investimento em momentos de puro prazer e descoberta. Uma escolha ideal para quem valoriza a qualidade, a hist\u00f3ria e a arte da vinicultura.<\/li>\n<\/ul>","protected":false},"featured_media":24269,"comment_status":"open","ping_status":"closed","template":"","meta":{"_joinchat":[]},"product_brand":[],"product_cat":[275],"product_tag":[299,283,284,285,290,288,289,286,287,291,292,293,294,295,296,297,298],"acidez_total":[232],"acucar_residual":[234],"ano":[],"casta":[],"classificacao":[],"embalagem":[282],"marca":[225],"solo":[236],"teor_alcoolico":[300],"class_list":{"0":"post-24266","1":"product","2":"type-product","3":"status-publish","4":"has-post-thumbnail","6":"product_cat-moscatel-svp","7":"product_tag-best-wines","8":"product_tag-moscatel","9":"product_tag-moscatel-de-setubal","10":"product_tag-muscat","11":"product_tag-paixao-pelo-que-somos","12":"product_tag-palmela","13":"product_tag-palmela-wine-company","14":"product_tag-setubal","15":"product_tag-svp","16":"product_tag-wine","17":"product_tag-wine-brand","18":"product_tag-wine-experience","19":"product_tag-wine-life","20":"product_tag-wine-lover","21":"product_tag-wine-making","22":"product_tag-wine-sense","23":"product_tag-wine-tasting","24":"acidez_total-48-g-l","25":"acucar_residual-218-g-l","26":"embalagem-50cl","27":"marca-sociedade-vinicola-de-palmela","28":"solo-arenoso","29":"teor_alcoolico-17-vol","31":"first","32":"instock","33":"taxable","34":"shipping-taxable","35":"purchasable","36":"product-type-simple"},"_links":{"self":[{"href":"https:\/\/svp.wine\/en\/wp-json\/wp\/v2\/product\/24266","targetHints":{"allow":["GET"]}}],"collection":[{"href":"https:\/\/svp.wine\/en\/wp-json\/wp\/v2\/product"}],"about":[{"href":"https:\/\/svp.wine\/en\/wp-json\/wp\/v2\/types\/product"}],"replies":[{"embeddable":true,"href":"https:\/\/svp.wine\/en\/wp-json\/wp\/v2\/comments?post=24266"}],"wp:featuredmedia":[{"embeddable":true,"href":"https:\/\/svp.wine\/en\/wp-json\/wp\/v2\/media\/24269"}],"wp:attachment":[{"href":"https:\/\/svp.wine\/en\/wp-json\/wp\/v2\/media?parent=24266"}],"wp:term":[{"taxonomy":"product_brand","embeddable":true,"href":"https:\/\/svp.wine\/en\/wp-json\/wp\/v2\/product_brand?post=24266"},{"taxonomy":"product_cat","embeddable":true,"href":"https:\/\/svp.wine\/en\/wp-json\/wp\/v2\/product_cat?post=24266"},{"taxonomy":"product_tag","embeddable":true,"href":"https:\/\/svp.wine\/en\/wp-json\/wp\/v2\/product_tag?post=24266"},{"taxonomy":"acidez_total","embeddable":true,"href":"https:\/\/svp.wine\/en\/wp-json\/wp\/v2\/acidez_total?post=24266"},{"taxonomy":"acucar_residual","embeddable":true,"href":"https:\/\/svp.wine\/en\/wp-json\/wp\/v2\/acucar_residual?post=24266"},{"taxonomy":"ano","embeddable":true,"href":"https:\/\/svp.wine\/en\/wp-json\/wp\/v2\/ano?post=24266"},{"taxonomy":"casta","embeddable":true,"href":"https:\/\/svp.wine\/en\/wp-json\/wp\/v2\/casta?post=24266"},{"taxonomy":"classificacao","embeddable":true,"href":"https:\/\/svp.wine\/en\/wp-json\/wp\/v2\/classificacao?post=24266"},{"taxonomy":"embalagem","embeddable":true,"href":"https:\/\/svp.wine\/en\/wp-json\/wp\/v2\/embalagem?post=24266"},{"taxonomy":"marca","embeddable":true,"href":"https:\/\/svp.wine\/en\/wp-json\/wp\/v2\/marca?post=24266"},{"taxonomy":"solo","embeddable":true,"href":"https:\/\/svp.wine\/en\/wp-json\/wp\/v2\/solo?post=24266"},{"taxonomy":"teor_alcoolico","embeddable":true,"href":"https:\/\/svp.wine\/en\/wp-json\/wp\/v2\/teor_alcoolico?post=24266"}],"curies":[{"name":"wp","href":"https:\/\/api.w.org\/{rel}","templated":true}]}}