{"id":24363,"date":"2024-03-11T18:50:31","date_gmt":"2024-03-11T18:50:31","guid":{"rendered":"https:\/\/svp.wine\/?page_id=24363"},"modified":"2024-03-15T10:23:07","modified_gmt":"2024-03-15T10:23:07","slug":"politica-da-empresa","status":"publish","type":"page","link":"https:\/\/svp.wine\/en\/politica-da-empresa\/","title":{"rendered":"The policy of the Company"},"content":{"rendered":"<p>The Quality and Food Safety Policy of Sociedade Vin\u00edcola de Palmela is committed to:<\/p>\n<h2>\n\t\tS\n\t<\/h2>\n\t<p>Safeguarding the provision of necessary human and financial resources for the establishment, maintenance, and improvement of the Quality and Food Safety Management System.<\/p>\n<h2>\n\t\tO\n\t<\/h2>\n\t<p>bliterar maus h\u00e1bitos adquiridos ao longo do tempo<\/p>\n<h2>\n\t\tC\n\t<\/h2>\n\t<p>ativar todos os colaboradores para as mudan\u00e7as necess\u00e1rias \u00e0 melhoria da empresa<\/p>\n<h2>\n\t\tV\n\t<\/h2>\n\t<p>Valuing the requirements of our customers and respecting regulatory, statutory, and legal requirements.<\/p>\n<h2>\n\t\tI\n\t<\/h2>\n\t<p>Encouraging the involvement of all employees in the identification, recording, and treatment of non-conformities for continuous improvement.<\/p>\n<h2>\n\t\tN\n\t<\/h2>\n\t<p>otificar as empresas de manuten\u00e7\u00e3o e fornecedores para as regras a cumprir na empresa<\/p>\n<h2>\n\t\tI\n\t<\/h2>\n\t<p>Enhancing interactive communication with all employees as well as with all links in the food chain.<\/p>\n<h2>\n\t\tC\n\t<\/h2>\n\t<p>ultivar a cultura de seguran\u00e7a e qualidade alimentar<\/p>\n<h2>\n\t\tO\n\t<\/h2>\n\t<p>rganizar o meio de trabalho de modo que em situa\u00e7\u00e3o de delega\u00e7\u00e3o de tarefas seja facilmente acess\u00edvel ao colaborador indicado.<\/p>\n<h2>\n\t\tL\n\t<\/h2>\n\t<p>ecionar internamente e periodicamente, com conte\u00fados program\u00e1ticos no \u00e2mbito da qualidade e seguran\u00e7a alimentar, de modo que todos os colaboradores tenham apoio necess\u00e1rio para a execu\u00e7\u00e3o de todas as obrigatoriedades impostas por entidades externas e pela empresa.<\/p>\n<h2>\n\t\tA\n\t<\/h2>\n\t<p>Achieving levels of product quality and food safety recognized by customers and suppliers.<\/p>\n<h2>\n\t\tD\n\t<\/h2>\n\t<p>esenvolver a melhoria de compet\u00eancias e forma\u00e7\u00e3o espec\u00edfica aos colaboradores da empresa externamente<\/p>\n<h2>\n\t\tE\n\t<\/h2>\n\t<p>levar os processos produtivos de modo a garantir a competitividade da empresa no mercado nacional e internacional<\/p>\n<h2>\n\t\tP\n\t<\/h2>\n\t<p>roteger e respeitar o ambiente e a sustentabilidade em todas as fases do processo<\/p>\n<h2>\n\t\tA\n\t<\/h2>\n\t<p>Building the company on policies that promote ethics and actions of social responsibility and support for the local economy.<\/p>\n<h2>\n\t\tL\n\t<\/h2>\n\t<p>imitar os acessos e implementar medidas na empresa de modo a garantir o respeito no \u00e2mbito da defesa e fraude alimentar<\/p>\n<h2>\n\t\tM\n\t<\/h2>\n\t<p>Motivating and mobilizing all employees to ensure the adequate implementation, maintenance, and improvement of the Quality and Food Safety Management System.<\/p>\n<h2>\n\t\tE\n\t<\/h2>\n\t<p>laborar ativamente planos de melhoria continua da empresa<\/p>\n<h2>\n\t\tL\n\t<\/h2>\n\t<p>iderar todos os respons\u00e1veis afetos aos diversos departamentos e equipa de qualidade, de modo que todos tenham sensibilidade e respeito para todas os processos e responsabilidades inerentes ao SGQSA.<\/p>\n<h2>\n\t\tA\n\t<\/h2>\n\t<p>utentificar, divulgar, implementar e manter e rever periodicamente esta pol\u00edtica<\/p>\n\t<p>Pela Administra\u00e7\u00e3o,<\/p>\n<h2>\n\t\tNEWSLETTER\n\t<\/h2>\n\t<p>Subscribe to our newsletter.<\/p>","protected":false},"excerpt":{"rendered":"<p>A Pol\u00edtica da Qualidade e Seguran\u00e7a Alimentar da Sociedade Vin\u00edcola de Palmela compromete-se a: S alvaguardar a disponibiliza\u00e7\u00e3o de recursos humanos e financeiros necess\u00e1rios ao estabelecimento, manuten\u00e7\u00e3o e melhoria do Sistema de Gest\u00e3o da Qualidade e Seguran\u00e7a Alimentar O bliterar maus h\u00e1bitos adquiridos ao longo do tempo C ativar todos os colaboradores para as mudan\u00e7as&hellip;<\/p>","protected":false},"author":1,"featured_media":23822,"parent":0,"menu_order":0,"comment_status":"closed","ping_status":"closed","template":"","meta":{"_joinchat":[],"footnotes":""},"class_list":["post-24363","page","type-page","status-publish","has-post-thumbnail","hentry"],"_links":{"self":[{"href":"https:\/\/svp.wine\/en\/wp-json\/wp\/v2\/pages\/24363","targetHints":{"allow":["GET"]}}],"collection":[{"href":"https:\/\/svp.wine\/en\/wp-json\/wp\/v2\/pages"}],"about":[{"href":"https:\/\/svp.wine\/en\/wp-json\/wp\/v2\/types\/page"}],"author":[{"embeddable":true,"href":"https:\/\/svp.wine\/en\/wp-json\/wp\/v2\/users\/1"}],"replies":[{"embeddable":true,"href":"https:\/\/svp.wine\/en\/wp-json\/wp\/v2\/comments?post=24363"}],"version-history":[{"count":12,"href":"https:\/\/svp.wine\/en\/wp-json\/wp\/v2\/pages\/24363\/revisions"}],"predecessor-version":[{"id":24556,"href":"https:\/\/svp.wine\/en\/wp-json\/wp\/v2\/pages\/24363\/revisions\/24556"}],"wp:featuredmedia":[{"embeddable":true,"href":"https:\/\/svp.wine\/en\/wp-json\/wp\/v2\/media\/23822"}],"wp:attachment":[{"href":"https:\/\/svp.wine\/en\/wp-json\/wp\/v2\/media?parent=24363"}],"curies":[{"name":"wp","href":"https:\/\/api.w.org\/{rel}","templated":true}]}}