{"id":24359,"date":"2024-03-11T18:45:34","date_gmt":"2024-03-11T18:45:34","guid":{"rendered":"https:\/\/svp.wine\/?page_id=24359"},"modified":"2024-03-15T10:27:15","modified_gmt":"2024-03-15T10:27:15","slug":"politica-de-qualidade-e-seguranca-alimentar","status":"publish","type":"page","link":"https:\/\/svp.wine\/en\/politica-de-qualidade-e-seguranca-alimentar\/","title":{"rendered":"The politics of Food Quality and Safety"},"content":{"rendered":"<p>The Quality and Food Safety Policy of Sociedade Vin\u00edcola de Palmela is communicated, implemented, maintained, and periodically reviewed at all levels of the organization, and is based on the following premises:<\/p>\n<ul>\n<li>Safeguarding the provision of necessary human and financial resources for the establishment, maintenance, and improvement of the Quality and Food Safety Management System.<\/li>\n<li>Enhancing interactive communication with all employees as well as with all links in the food chain.<\/li>\n<li>Valuing the requirements of our customers and respecting regulatory, statutory, and legal requirements.<\/li>\n<li>Achieving levels of product quality and food safety recognized by customers and suppliers.<\/li>\n<li>Promoting the improvement of skills and specific training for company employees.<\/li>\n<li>Motivating and mobilizing all employees to ensure the adequate implementation, maintenance, and improvement of the Quality and Food Safety Management System.<\/li>\n<li>Encouraging the involvement of all employees in the identification, recording, and treatment of non-conformities for continuous improvement.<\/li>\n<li>Ensuring respect for the environment and sustainability at all stages of the process.<\/li>\n<li>Building the company on policies that promote ethics and actions of social responsibility and support for the local economy.<\/li>\n<li>Implementing, disseminating, maintaining, and periodically reviewing this policy.<\/li>\n<\/ul>\n<p>Aligned with these premises, <strong>Quality and Food Safety Objectives (Rg.042)<\/strong> have been defined and periodically monitored through <strong>Rg.041<\/strong> &#8211; <strong>Monitoring of Quality and Food Safety Objectives.<\/strong><\/p>\n<p>The plan for managing the Quality and Food Safety Culture is defined and monitored in <strong>Rg.097 &#8211; Plano de Cultura da Qualidade e Seguran\u00e7a Alimentar.<\/strong><\/p>\n<p>&nbsp;<\/p>\n<h2>\n\t\tNEWSLETTER\n\t<\/h2>\n\t<p>Subscribe to our newsletter.<\/p>","protected":false},"excerpt":{"rendered":"<p>A Pol\u00edtica da Qualidade e Seguran\u00e7a Alimentar da Sociedade Vin\u00edcola de Palmela \u00e9 comunicada, implementada, mantida e periodicamente revista em todos os n\u00edveis de organiza\u00e7\u00e3o, e tem como refer\u00eancia as seguintes premissas: Salvaguardar a disponibiliza\u00e7\u00e3o de recursos humanos e financeiros necess\u00e1rios ao estabelecimento, manuten\u00e7\u00e3o e melhoria do Sistema de Gest\u00e3o da Qualidade e Seguran\u00e7a Alimentar&hellip;<\/p>","protected":false},"author":1,"featured_media":0,"parent":0,"menu_order":0,"comment_status":"closed","ping_status":"closed","template":"","meta":{"_joinchat":[],"footnotes":""},"class_list":["post-24359","page","type-page","status-publish","hentry"],"_links":{"self":[{"href":"https:\/\/svp.wine\/en\/wp-json\/wp\/v2\/pages\/24359","targetHints":{"allow":["GET"]}}],"collection":[{"href":"https:\/\/svp.wine\/en\/wp-json\/wp\/v2\/pages"}],"about":[{"href":"https:\/\/svp.wine\/en\/wp-json\/wp\/v2\/types\/page"}],"author":[{"embeddable":true,"href":"https:\/\/svp.wine\/en\/wp-json\/wp\/v2\/users\/1"}],"replies":[{"embeddable":true,"href":"https:\/\/svp.wine\/en\/wp-json\/wp\/v2\/comments?post=24359"}],"version-history":[{"count":3,"href":"https:\/\/svp.wine\/en\/wp-json\/wp\/v2\/pages\/24359\/revisions"}],"predecessor-version":[{"id":24558,"href":"https:\/\/svp.wine\/en\/wp-json\/wp\/v2\/pages\/24359\/revisions\/24558"}],"wp:attachment":[{"href":"https:\/\/svp.wine\/en\/wp-json\/wp\/v2\/media?parent=24359"}],"curies":[{"name":"wp","href":"https:\/\/api.w.org\/{rel}","templated":true}]}}