{"id":24333,"date":"2024-03-11T13:36:30","date_gmt":"2024-03-11T13:36:30","guid":{"rendered":"https:\/\/svp.wine\/?page_id=24333"},"modified":"2024-03-11T13:36:34","modified_gmt":"2024-03-11T13:36:34","slug":"visite-nos","status":"publish","type":"page","link":"https:\/\/svp.wine\/en\/visite-nos\/","title":{"rendered":"Check us out"},"content":{"rendered":"<h1>\n\t\tAbout Us\n\t<\/h1>\n<h1>\n\t\tSOCIEDADE VIN\u00cdCOLA DE PALMELA\n\t<\/h1>\n\t\t59\n\t\t\t\t\tVindimas\n\t\t20\n\t\t\t\t\tVinhos\n\t<p>Founded in 1964, Palmela Wine Society is one of the oldest and most relevant wine-producing companies in the Set\u00fabal Peninsula, a prime territory for the creation of excellent wines.<\/p>\n<p>Based on the regional varieties Castel\u00e3o, and the Moscatel from Set\u00fabal, along with the other noble varieties, national and international, the Society of Wine from the alentejo region, produces, and markets a comprehensive range of wines, whites, ros\u00e9s, reds, and higher in altitude from 400 hectares of vineyards located on clay and calcareous soils of the Beach and the beaches of the alentejo region.<\/p>\n<p>These are wines that combine impeccable quality, with a clear regional identity, thus achieving the success of the consumer, and the praise of critics from all over the world.<\/p>\n<h3>\n\t\t1964-2024\n\t<\/h3>\n<h3>\n\t\tOUR STORY\n\t<\/h3>\n\t<p>Located in Palmela, the society was established in 1964 by a group of local winegrowers for the bottling and commercialization of their wines, which until then were sold in bulk. In the following decades, the activities of Palmela Wine Society developed moderately until the early 1990s, when it took a significant leap with the entry of the Cardoso family, owners of one of the largest vineyard areas in the region. In 2019, Palmela Wine Society underwent its most significant change since its foundation, with the acquisition of the majority of its share capital by businessman Vasco Guerreiro, the current CEO.<\/p>\nHis expertise in the area of distribution of the wines, it was crucial to re-position the brand, and the business of the company, giving in all its forms, and with a high level of professionalism, and in a few moments.<br \/>\nThe quality of the vineyards, and the human resources available to the Society of Wine from the alentejo region is emerging as a producer of excellence in the Peninsula of Set\u00fabal and is now the standard reference in the categories of Castellan, and Protected.\n<h3>\n\t\tOUR TEAM\n\t<\/h3>\n\t<p>A company is made up of people. Palmela Wine Society has a young but at the same time experienced, dynamic, and highly professional team, capable of pursuing its most ambitious objectives.<\/p>\n\t\t\t\t<h3>Vasco Guerreiro<\/h3><p><strong>- CEO<\/strong>As an expert in wine distribution and business management, Vasco Guerreiro, born in the region in 1977, has been a shareholder of Palmela Wine Society since 2021. Bringing with him extensive national and international experience, his first step was to rebrand the company and its brands, thus repositioning the entire wine portfolio of Palmela Wine Society. His declared objective: to consolidate the company's position as a reference in the national and international markets through wines of superior quality, both in terms of Moscatels and whites, ros\u00e9s, and reds with a strong sense of origin.<\/p>\t\t\t\n\t\t\t\t\t<a href=\"javascript:void(0)\" role=\"button\">\n\t\t\t<\/a>\n\t\t\t\t<h3>Filipe Cardoso<\/h3><p><strong>General manager and Winemaker<\/strong>Filipe Cardoso, born in 1974, hails from one of the oldest wine-producing families in the region and is a shareholder of Palmela Wine Society. His professional journey naturally unfolded in this area, following initial training in agronomy, followed by a more specialized education in oenology at the University of Montpellier. He has extensive experience as a resident winemaker or consultant winemaker for various projects in the Set\u00fabal Peninsula, deeply familiar with the vineyards and wines of the region. Since 1999, he has been the head winemaker at Palmela Wine Society.<\/p>\t\t\t\n\t\t\t\t\t<a href=\"javascript:void(0)\" role=\"button\">\n\t\t\t<\/a>\n\t<p><strong>- CEO<\/strong><\/p>\n<p>Vasco Guerreiro<\/p>\n\t<p><strong>General manager and Winemaker<\/strong><\/p>\n<p>Filipe Cardoso<\/p>\n\t\t\t\t<h3>Luis Sim\u00f5es<\/h3><p><strong>Deputy Director-General<\/strong>Born in 1977, Luis Sim\u00f5es has been immersed in the world of winemaking from a young age, coming from a family with over a century of involvement in vineyards and wines. With academic training in oenology and viticulture, he is also an entrepreneur, having been involved in several successful projects in this sector throughout his professional life. At Palmela Wine Society, he is responsible for directing and coordinating production, marketing, and sales.<\/p>\t\t\t\n\t\t\t\t\t<a href=\"javascript:void(0)\" role=\"button\">\n\t\t\t<\/a>\n\t\t\t\t<h3>Jos\u00e9 Caninhas<\/h3><p><strong>Production Director and Winemaker<\/strong>Born in 1985, Jos\u00e9 Caninhas graduated in Food Engineering and has pursued a professional career in two complementary areas: management and wine economics, and oenology and wine production. Since 2014, he has been the production director at Palmela Wine Society. In 2015, together with friends and colleagues Filipe Cardoso and Lu\u00eds Sim\u00f5es, he founded the Trois project, where the creativity of the three winemakers is expressed in wines with a strong regional identity produced in very small quantities. Their commercialization is handled by Palmela Wine Society.<\/p>\t\t\t\n\t\t\t\t\t<a href=\"javascript:void(0)\" role=\"button\">\n\t\t\t<\/a>\n\t<p><strong>Deputy Director-General<\/strong><\/p>\n<p>Luis Sim\u00f5es<\/p>\n\t<p><strong>Production Director and Winemaker<\/strong><\/p>\n<p>Jos\u00e9 Caninhas<\/p>\n<h1>\n\t\tWorld\n\t<\/h1>\n<h2>\n\t\tOur brand is present all over the map.\n\t<\/h2>\n\t<p>With a presence mainly in Angola, China, Denmark, and Luxembourg, the company's brands, recently revamped in terms of image and positioning, are now being worked on in various other markets, aiming to significantly expand their export geography.<\/p>\n\t\t15\n\t\t\t\t\tPA\u00cdSES\n\t<p>Over 100 medals in national and international competitions attest to the quality of the wines produced by Palmela Wine Society and its export potential.<\/p>\n\t\t\t\t\t+\n\t\t100\n\t\t\t\t\tMEDALHAS\n\t\t\t\t<img loading=\"lazy\" decoding=\"async\" src=\"https:\/\/svp.wine\/wp-content\/uploads\/2023\/09\/d231882-120723-mundo.jpg\" alt=\"d231882-120723-mundo\" itemprop=\"image\" height=\"998\" width=\"1920\" title=\"d231882-120723-the world\" onerror=\"this.style.display='none'\"  \/>","protected":false},"excerpt":{"rendered":"<p>Sobre N\u00f3s Sociedade Vin\u00edcola de Palmela 59 Vindimas 20 Vinhos Fundada em 1964, a Sociedade Vin\u00edcola de Palmela \u00e9 uma das mais antigas e relevantes empresas produtoras da Pen\u00ednsula de Set\u00fabal, territ\u00f3rio de elei\u00e7\u00e3o para a cria\u00e7\u00e3o de vinhos de excel\u00eancia. Com base nas variedades regionais Castel\u00e3o e Moscatel de Set\u00fabal, acompanhadas de outras nobres&hellip;<\/p>","protected":false},"author":1,"featured_media":0,"parent":0,"menu_order":0,"comment_status":"closed","ping_status":"closed","template":"","meta":{"_joinchat":[],"footnotes":""},"class_list":["post-24333","page","type-page","status-publish","hentry"],"_links":{"self":[{"href":"https:\/\/svp.wine\/en\/wp-json\/wp\/v2\/pages\/24333","targetHints":{"allow":["GET"]}}],"collection":[{"href":"https:\/\/svp.wine\/en\/wp-json\/wp\/v2\/pages"}],"about":[{"href":"https:\/\/svp.wine\/en\/wp-json\/wp\/v2\/types\/page"}],"author":[{"embeddable":true,"href":"https:\/\/svp.wine\/en\/wp-json\/wp\/v2\/users\/1"}],"replies":[{"embeddable":true,"href":"https:\/\/svp.wine\/en\/wp-json\/wp\/v2\/comments?post=24333"}],"version-history":[{"count":1,"href":"https:\/\/svp.wine\/en\/wp-json\/wp\/v2\/pages\/24333\/revisions"}],"predecessor-version":[{"id":24334,"href":"https:\/\/svp.wine\/en\/wp-json\/wp\/v2\/pages\/24333\/revisions\/24334"}],"wp:attachment":[{"href":"https:\/\/svp.wine\/en\/wp-json\/wp\/v2\/media?parent=24333"}],"curies":[{"name":"wp","href":"https:\/\/api.w.org\/{rel}","templated":true}]}}