{"id":24026,"date":"2024-02-08T02:58:48","date_gmt":"2024-02-08T02:58:48","guid":{"rendered":"https:\/\/svp.wine\/?page_id=24026"},"modified":"2025-03-27T10:23:07","modified_gmt":"2025-03-27T10:23:07","slug":"enoturismo","status":"publish","type":"page","link":"https:\/\/svp.wine\/en\/enoturismo\/","title":{"rendered":"Wine Tourism"},"content":{"rendered":"<h1>\n\t\tWine Tourism\n\t<\/h1>\n<h2>\n\t\tWine Tasting Chafariz\n\t<\/h2>\n\t<p>Para os apreciadores de Moscatel a prova &#8220;Chafariz&#8221; inclui o Moscatel de Set\u00fabal e Moscatel Roxo de Set\u00fabal 5 anos. O perfil \u00e9 jovem e os aromas a curtimenta bem expressivos no nariz.<\/p>\n\t\t\t\t\u20ac10.00 per person\n\t\t<h4>Chafariz<\/h4>\n\t\t\t<p>Moscatel de Set\u00fabal 5 anos e Moscatel Roxo de Set\u00fabal 5 anos<\/p>\t\t\n\t\t\t\t<a href=\"https:\/\/svp.wine\/en\/enoturismo\/?exp=0#formulario\" role=\"button\" target=\"_self\">\n\t\t\t\t\t\t\t\t\t\tReserve\t\t\t\t\t\t\t\t\t<\/a>\n\t\t\t\t\u20ac11.00 per person\n\t\t<h4>Pelourinho<\/h4>\n\t\t\t<p>Terras do Sado White, Red, Ros\u00e9<br \/>Moscatel de Set\u00fabal Terras do Sado<\/p>\t\t\n\t\t\t\t<a href=\"\" role=\"button\" target=\"_self\">\n\t\t\t\t\t\t\t\t\t\tReserve\t\t\t\t\t\t\t\t\t<\/a>\n<h2>\n\t\tWine Tasting Pelourinho\n\t<\/h2>\n\t<p>Na prova &#8220;Pelourinho&#8221; o destaque \u00e9 dado aos vinhos Terras do Sado Tinto, Branco, Ros\u00e9 e Moscatel, uma gama jovem, fresca e de aromas frutados.<\/p>\n<h2>\n\t\tWine Tasting Moinhos\n\t<\/h2>\n\t<p>Aprecie a prova &#8220;Moinhos&#8221; com o Moscatel de Set\u00fabal 10 anos e Moscatel Roxo de Set\u00fabal 10 anos, duas refer\u00eancias que apresentam uma extraordin\u00e1ria pot\u00eancia e complexidade.<\/p>\n\t\t\t\t\u20ac13.00 per person\n\t\t<h4>Moinhos<\/h4>\n\t\t\t<p>Moscatel de Set\u00fabal 10 years<br \/>Moscatel Roxo de Set\u00fabal 10 years<\/p>\t\t\n\t\t\t\t<a href=\"\" role=\"button\" target=\"_self\">\n\t\t\t\t\t\t\t\t\t\tReserve\t\t\t\t\t\t\t\t\t<\/a>\n\t\t\t\t\u20ac18 per person\n\t\t<h4>S. Jo\u00e3o<\/h4>\n\t\t\t<p>Terras do Sado Branco e Tinto<br \/>Serra M\u00e3e Reserva White and Red<br \/>Moscatel de Set\u00fabal 5 years<\/p>\t\t\n\t\t\t\t<a href=\"\" role=\"button\" target=\"_self\">\n\t\t\t\t\t\t\t\t\t\tReserve\t\t\t\t\t\t\t\t\t<\/a>\n<h2>\n\t\tWine Tasting S. Jo\u00e3o\n\t<\/h2>\n\t<p>Featuring a diversity of aromas that allow you to discover the various characteristics of Palmela Wine Society's wines, the \"S. Jo\u00e3o\" tasting includes V\u00e9ritas White and Red, Serra M\u00e3e Reserva White and Red, Moscatel de Set\u00fabal 5 years.<\/p>\n<p>.<\/p>\n<h2>\n\t\tWine Tasting Castelo\n\t<\/h2>\n\t<p>A experi\u00eancia &#8220;Castelo&#8221; inclui o Terras do Sado Sauvignon Blanc, Syrah, Reserva Tinto e Moscatel Roxo de Set\u00fabal 5 anos, vinhos mais intensos e complexos, que demonstram a variedade desta gama.<\/p>\n\t\t\t\t\u20ac18 per person\n\t\t<h4>Castelo<\/h4>\n\t\t\t<p>Terras do Sado Sauvignon Blanc, Syrah, Reserva<br \/>Moscatel Roxo de Set\u00fabal 5 years\u00a0<\/p>\t\t\n\t\t\t\t<a href=\"\" role=\"button\" target=\"_self\">\n\t\t\t\t\t\t\t\t\t\tReserve\t\t\t\t\t\t\t\t\t<\/a>\n\t\t\t\t\u20ac30 per person*\n\t\t<h4>Palmela<\/h4>\n\t\t\t<p>Botelharia White<br \/>Grande Reserva White and Red<br \/>Moscatel de Set\u00fabal 5 anos*m\u00ednimo 2 pessoas<\/p>\t\t\n\t\t\t\t<a href=\"\" role=\"button\" target=\"_self\">\n\t\t\t\t\t\t\t\t\t\tReserve\t\t\t\t\t\t\t\t\t<\/a>\n<h2>\n\t\tWine Tasting Palmela\n\t<\/h2>\n\t<p>The premium experience \"Palmela\" reflects the essence and Atlantic terroir of Palmela and includes Botelharia White, Grande Reserva White and Red, Moscatel de Set\u00fabal 5 years. This tasting is available with a minimum of 2 people.<\/p>\n<h2>\n\t\tWine Pairing\n\t<\/h2>\n\tAt Palmela Wine Society, the doors are open for you to discover and experience our best offerings. The wine tastings are accompanied by our team, and you can also taste some local gastronomic classics.<br \/>\nThese are experiences to share with friends, family, and ideal for true connoisseurs.\n<p>Feel invited!<\/p>\n\t\t\t\t(Opcional)+12 Eur \/ Pessoa\n\t\t<h4>Wine Pairing<\/h4>\n\t\t\t<p>Queijo Regional<br \/>Sheep's Butter<br \/>Jam<br \/>P\u00e3o\u00a0 e Enchidos<\/p>\t\t\n\t\t\t\t<a href=\"\" role=\"button\" target=\"_self\">\n\t\t\t\t\t\t\t\t\t\tReserve\t\t\t\t\t\t\t\t\t<\/a>\n<h2>\n\t\tRESERVATIONS\n\t<\/h2>\n\t<div class=\"forminator-ui forminator-custom-form forminator-custom-form-23953 forminator-design--flat forminator-enclosed forminator_ajax\" data-forminator-render=\"0\" data-form=\"forminator-module-23953\" data-uid=\"69e79b80be2ca\"><br\/><\/div><form\n\t\t\t\tid=\"forminator-module-23953\"\n\t\t\t\tclass=\"forminator-ui forminator-custom-form forminator-custom-form-23953 forminator-design--flat forminator-enclosed forminator_ajax\"\n\t\t\t\tmethod=\"post\"\n\t\t\t\tdata-forminator-render=\"0\"\n\t\t\t\tdata-form-id=\"23953\"\n\t\t\t\t data-color-option=\"default\" data-design=\"flat\" data-grid=\"enclosed\" style=\"display: none;\"\n\t\t\t\tdata-uid=\"69e79b80be2ca\" action=\"\"\n\t\t\t><div role=\"alert\" aria-live=\"polite\" class=\"forminator-response-message forminator-error\" aria-hidden=\"true\"><\/div><div class=\"forminator-row\"><div id=\"name-1\" class=\"forminator-field-name forminator-col forminator-col-6\"><div class=\"forminator-field\"><input type=\"text\" name=\"name-1\" value=\"\" placeholder=\"Name\" id=\"forminator-field-name-1_69e79b80be2ca\" class=\"forminator-input forminator-name--field\" aria-required=\"true\" autocomplete=\"name\" \/><\/div><\/div><div id=\"phone-1\" class=\"forminator-field-phone forminator-col forminator-col-6\"><div class=\"forminator-field\"><input type=\"text\" name=\"phone-1\" value=\"\" placeholder=\"Contact\" id=\"forminator-field-phone-1_69e79b80be2ca\" class=\"forminator-input forminator-field--phone\" data-required=\"1\" aria-required=\"true\" autocomplete=\"off\" \/><\/div><\/div><\/div><div class=\"forminator-row\"><div id=\"email-1\" class=\"forminator-field-email forminator-col forminator-col-12\"><div class=\"forminator-field\"><input type=\"email\" name=\"email-1\" value=\"\" placeholder=\"Your Email\" id=\"forminator-field-email-1_69e79b80be2ca\" class=\"forminator-input forminator-email--field\" data-required=\"\" aria-required=\"false\" autocomplete=\"email\" \/><\/div><\/div><\/div><div class=\"forminator-row\"><div id=\"select-1\" class=\"forminator-field-select forminator-col forminator-col-12\"><div class=\"forminator-field\"><label for=\"forminator-form-23953__field--select-1_69e79b80be2ca\" id=\"forminator-form-23953__field--select-1_69e79b80be2ca-label\" class=\"forminator-label\">Experience <span class=\"forminator-required\">*<\/span><\/label><select  id=\"forminator-form-23953__field--select-1_69e79b80be2ca\" class=\"forminator-select--field forminator-select2 forminator-select2-multiple\" data-required=\"1\" name=\"select-1\" data-default-value=\"\" data-placeholder=\"Seleccione uma experi\u00eancia...\" data-search=\"false\" data-search-placeholder=\"Seleccione uma experi\u00eancia...\" data-checkbox=\"false\" data-allow-clear=\"false\" aria-labelledby=\"forminator-form-23953__field--select-1_69e79b80be2ca-label\"><option value=\"\"  >Seleccione uma experi\u00eancia...<\/option><option value=\"0\"  data-calculation=\"0\">Wine Tasting - Chafariz (7,50 Eur \/ Pessoa)<\/option><option value=\"1\"  data-calculation=\"0\">Wine Tasting - Pelourinho (10 Eur \/ Pessoa)<\/option><option value=\"2\"  data-calculation=\"0\">Wine Tasting - Moinhos (12,50 Eur \/ Pessoa)<\/option><option value=\"3\"  data-calculation=\"0\">Wine Tasting - S. Jo\u00e3o (18 Eur \/ Pessoa)<\/option><option value=\"4\"  data-calculation=\"0\">Wine Tasting - Castelo (18 Eur \/ Pessoa)<\/option><option value=\"5\"  data-calculation=\"0\">Wine Tasting - Palmela (27 Eur \/ Pessoa)<\/option><\/select><\/div><\/div><\/div><div class=\"forminator-row\"><div id=\"checkbox-1\" class=\"forminator-field-checkbox forminator-col forminator-col-12\"><div role=\"group\" class=\"forminator-field\" aria-labelledby=\"forminator-checkbox-group-forminator-field-checkbox-1-69e79b80be2ca-label\"><span id=\"forminator-checkbox-group-forminator-field-checkbox-1-69e79b80be2ca-label\" class=\"forminator-label\">Extras<\/span><label id=\"forminator-field-checkbox-1-1-69e79b80be2ca-label\" for=\"forminator-field-checkbox-1-1-69e79b80be2ca\" class=\"forminator-checkbox\" title=\"Wine Pairing (+10 Eur \/ Person)\"><input type=\"checkbox\" name=\"checkbox-1[]\" value=\"one\" id=\"forminator-field-checkbox-1-1-69e79b80be2ca\" aria-labelledby=\"forminator-field-checkbox-1-1-69e79b80be2ca-label\" data-calculation=\"0\"  \/><span class=\"forminator-checkbox-box\" aria-hidden=\"true\"><\/span><span class=\"forminator-checkbox-label\">Wine Pairing (+10 Eur \/ Person)<\/span><\/label><\/div><\/div><\/div><div class=\"forminator-row\"><div id=\"textarea-1\" class=\"forminator-field-textarea forminator-col forminator-col-12\"><div class=\"forminator-field\"><textarea name=\"textarea-1\" placeholder=\"Observations\" id=\"forminator-field-textarea-1_69e79b80be2ca\" class=\"forminator-textarea\" rows=\"6\" style=\"min-height:140px;\" ><\/textarea><\/div><\/div><\/div><div class=\"forminator-row\"><div id=\"consent-1\" class=\"forminator-field-consent forminator-col forminator-col-12\"><div class=\"forminator-field\"><label for=\"forminator-field-consent-1_69e79b80be2ca\" id=\"forminator-field-consent-1_69e79b80be2ca-label\" class=\"forminator-label\">Consent <span class=\"forminator-required\">*<\/span><\/label><div class=\"forminator-checkbox__wrapper\"><label id=\"forminator-field-consent-1_69e79b80be2ca__label\" class=\"forminator-checkbox forminator-consent\" aria-labelledby=\"forminator-field-consent-1_69e79b80be2ca-label\"><input type=\"checkbox\" name=\"consent-1\" id=\"forminator-field-consent-1_69e79b80be2ca\" value=\"checked\" aria-labelledby=\"forminator-field-consent-1_69e79b80be2ca-label\" aria-describedby=\"forminator-field-consent-1_69e79b80be2ca__description\" data-required=\"true\" aria-required=\"true\" \/><span class=\"forminator-checkbox-box\" aria-hidden=\"true\"><\/span><\/label><div id=\"forminator-field-consent-1_69e79b80be2ca__description\" class=\"forminator-checkbox__label forminator-consent__label\"><p>Yes, I agree to the <a rel=\"noopener\" target=\"_blank\" href=\"https:\/\/svp.wine\/en\/politica-de-privacidade-cookies-e-termos-e-condicoes\/\">privacy policy<\/a> and <a rel=\"noopener\" target=\"_blank\" href=\"https:\/\/svp.wine\/en\/politica-de-privacidade-cookies-e-termos-e-condicoes\/#3\">terms and conditions.<\/a>.<\/p><\/div><\/div><\/div><\/div><\/div><input type=\"hidden\" name=\"referer_url\" value=\"\" \/><div class=\"forminator-row forminator-row-last\"><div class=\"forminator-col\"><div class=\"forminator-field\"><button class=\"forminator-button forminator-button-submit\">Schedule<\/button><\/div><\/div><\/div><input type=\"hidden\" id=\"forminator_nonce\" name=\"forminator_nonce\" value=\"8a582f2673\" \/><input type=\"hidden\" name=\"_wp_http_referer\" value=\"\/en\/wp-json\/wp\/v2\/pages\/24026\" \/><input type=\"hidden\" name=\"form_id\" value=\"23953\"><input type=\"hidden\" name=\"page_id\" value=\"24026\"><input type=\"hidden\" name=\"form_type\" value=\"default\"><input type=\"hidden\" name=\"current_url\" value=\"https:\/\/svp.wine\/en\/enoturismo\/\"><input type=\"hidden\" name=\"render_id\" value=\"0\"><input type=\"hidden\" name=\"action\" value=\"forminator_submit_form_custom-forms\"><input type=\"hidden\" name=\"trp-form-language\" value=\"en\"\/><\/form>","protected":false},"excerpt":{"rendered":"<p>Enoturismo Wine Tasting Chafariz Para os apreciadores de Moscatel a prova &#8220;Chafariz&#8221; inclui o Moscatel de Set\u00fabal e Moscatel Roxo de Set\u00fabal 5 anos. O perfil \u00e9 jovem e os aromas a curtimenta bem expressivos no nariz. 10,00 Eur \/ Pessoa Chafariz Moscatel de Set\u00fabal 5 anos e Moscatel Roxo de Set\u00fabal 5 anos Reservar&hellip;<\/p>","protected":false},"author":1,"featured_media":23743,"parent":0,"menu_order":0,"comment_status":"closed","ping_status":"closed","template":"","meta":{"_joinchat":[],"footnotes":""},"class_list":["post-24026","page","type-page","status-publish","has-post-thumbnail","hentry"],"_links":{"self":[{"href":"https:\/\/svp.wine\/en\/wp-json\/wp\/v2\/pages\/24026","targetHints":{"allow":["GET"]}}],"collection":[{"href":"https:\/\/svp.wine\/en\/wp-json\/wp\/v2\/pages"}],"about":[{"href":"https:\/\/svp.wine\/en\/wp-json\/wp\/v2\/types\/page"}],"author":[{"embeddable":true,"href":"https:\/\/svp.wine\/en\/wp-json\/wp\/v2\/users\/1"}],"replies":[{"embeddable":true,"href":"https:\/\/svp.wine\/en\/wp-json\/wp\/v2\/comments?post=24026"}],"version-history":[{"count":7,"href":"https:\/\/svp.wine\/en\/wp-json\/wp\/v2\/pages\/24026\/revisions"}],"predecessor-version":[{"id":24714,"href":"https:\/\/svp.wine\/en\/wp-json\/wp\/v2\/pages\/24026\/revisions\/24714"}],"wp:featuredmedia":[{"embeddable":true,"href":"https:\/\/svp.wine\/en\/wp-json\/wp\/v2\/media\/23743"}],"wp:attachment":[{"href":"https:\/\/svp.wine\/en\/wp-json\/wp\/v2\/media?parent=24026"}],"curies":[{"name":"wp","href":"https:\/\/api.w.org\/{rel}","templated":true}]}}