{"id":22,"date":"2021-12-17T19:33:13","date_gmt":"2021-12-17T19:33:13","guid":{"rendered":"https:\/\/svp.wine\/?page_id=22"},"modified":"2024-03-15T10:19:22","modified_gmt":"2024-03-15T10:19:22","slug":"inicio","status":"publish","type":"page","link":"https:\/\/svp.wine\/en\/","title":{"rendered":"SVP &#8211; Sociedade Vin\u00edcola de Palmela"},"content":{"rendered":"<meta itemscope itemprop=\"mainEntityOfPage\" itemtype=\"https:\/\/schema.org\/WebPage\" itemid=\"http:\/\/23874\" content=\"Sociedade Vin\u00edcola de Palmela apresenta nova imagem e refer\u00eancias da gama Serra M\u00e3e\" \/><meta itemprop=\"datePublished\" content=\"2023-09-25\" \/><meta itemprop=\"dateModified\" content=\"2024-03-13\" \/><meta itemprop=\"name\" content=\"SVP\"\/><meta itemprop=\"url\" content=\"https:\/\/svp.wine\/author\/simonebarbosa\/\" \/><meta itemprop=\"name\" content=\"simonebarbosa\" \/><meta itemprop=\"url\" content=\"https:\/\/svp.wine\/wp-content\/uploads\/2023\/03\/Serra_Mae_Colheita_Rose_750ml_Baixa.jpg\" \/><meta itemprop=\"width\" content=\"810\" \/><meta itemprop=\"height\" content=\"1080\" \/><meta itemprop=\"interactionType\" content=\"https:\/\/schema.org\/CommentAction\" \/><meta itemprop=\"userInteractionCount\" content=\"0\" \/>\n\t\t\t\t<a href=\"https:\/\/svp.wine\/en\/sociedade-vinicola-de-palmela-apresenta-nova-imagem-e-referencias-da-gama-serra-mae\/\" title=\"Palmela Wine Society unveils new image and references for the Serra M\u00e3e range\"><\/a>\n\t\t\t\t<h3 itemprop=\"headline\">\n\t\t\t<a href=\"https:\/\/svp.wine\/en\/sociedade-vinicola-de-palmela-apresenta-nova-imagem-e-referencias-da-gama-serra-mae\/\" title=\"Palmela Wine Society unveils new image and references for the Serra M\u00e3e range\">Palmela Wine Society unveils new image and references for the Serra M\u00e3e range<\/a>\n\t\t<\/h3>\n\t\t<!-- .pp-content-posts -->\n\t\t<h3>EVENTS<\/h3>The SVP supports the sport, with the base at the Beach Paddle tennis court and Paddle tennis court. We do tournaments throughout the year.<br \/>\nDo not stay out of this!\n\t\t\t<a href=\"\" target=\"_self\" rel=\"noopener\">\n\t\t\t\t\t\t\t<\/a>\n\t\t<h3><a href=\"https:\/\/svp.wine\/en\/sobre\/\" target=\"_self\" rel=\"noopener\">ABOUT US<\/a><\/h3><p>Founded in 1964, the Society of Wine from the alentejo region, is one of the oldest and most relevant companies in the Pen\u00ednsula de Set\u00fabal<\/p>\n\t\t\t<a href=\"https:\/\/svp.wine\/en\/sobre\/\" target=\"_self\" rel=\"noopener\">\n\t\t\t\t\t\t\t<\/a>\n\t\t<h3><a href=\"https:\/\/svp.wine\/en\/vinhos\/\" target=\"_self\" rel=\"noopener\">The WINES<\/a><\/h3><p>Come and be amazed of our brand.<\/p>\n\t\t\t<a href=\"https:\/\/svp.wine\/en\/vinhos\/\" target=\"_self\" rel=\"noopener\">\n\t\t\t\t\t\t\t<\/a>\n\t\t<h3><a href=\"https:\/\/svp.wine\/en\/enoturismo\/\" target=\"_self\" rel=\"noopener\">WINE<\/a><\/h3><p>More than just a race, an experience.<\/p>\n\t\t\t<a href=\"https:\/\/svp.wine\/en\/enoturismo\/\" target=\"_self\" rel=\"noopener\">\n\t\t\t\t\t\t\t<\/a>\n\t\t<h3><a href=\"https:\/\/svp.wine\/en\/terroir\/\" target=\"_self\" rel=\"noopener\">RECIPES<\/a><\/h3><p>Os vinhos da Sociedade Vin\u00edcola de Palmela t\u00eam uma origem em dois &#8220;terroirs&#8221;, a zona da Serra da Arr\u00e1bida e a zona de Palmela.<\/p>\n\t\t\t<a href=\"https:\/\/svp.wine\/en\/terroir\/\" target=\"_self\" rel=\"noopener\">\n\t\t\t\t\t\t\t<\/a>\n<h2>\n\t\tNEWSLETTER\n\t<\/h2>\n\t<p>Subscribe to our newsletter.<\/p>","protected":false},"excerpt":{"rendered":"<p>Sociedade Vin\u00edcola de Palmela apresenta nova imagem e refer\u00eancias da gama Serra M\u00e3e EVENTOS A SVP apoia o desporto, com base no Arr\u00e1bida Padel e no Novo Padel. Fazemos torneios durante o ano. N\u00e3o fique fora dessa! SOBRE N\u00d3S Fundada em 1964, a Sociedade Vin\u00edcola de Palmela \u00e9 uma das mais antigas e relevantes empresas&hellip;<\/p>","protected":false},"author":1,"featured_media":23822,"parent":0,"menu_order":0,"comment_status":"closed","ping_status":"closed","template":"","meta":{"_joinchat":[],"footnotes":""},"class_list":["post-22","page","type-page","status-publish","has-post-thumbnail","hentry"],"_links":{"self":[{"href":"https:\/\/svp.wine\/en\/wp-json\/wp\/v2\/pages\/22","targetHints":{"allow":["GET"]}}],"collection":[{"href":"https:\/\/svp.wine\/en\/wp-json\/wp\/v2\/pages"}],"about":[{"href":"https:\/\/svp.wine\/en\/wp-json\/wp\/v2\/types\/page"}],"author":[{"embeddable":true,"href":"https:\/\/svp.wine\/en\/wp-json\/wp\/v2\/users\/1"}],"replies":[{"embeddable":true,"href":"https:\/\/svp.wine\/en\/wp-json\/wp\/v2\/comments?post=22"}],"version-history":[{"count":6,"href":"https:\/\/svp.wine\/en\/wp-json\/wp\/v2\/pages\/22\/revisions"}],"predecessor-version":[{"id":24549,"href":"https:\/\/svp.wine\/en\/wp-json\/wp\/v2\/pages\/22\/revisions\/24549"}],"wp:featuredmedia":[{"embeddable":true,"href":"https:\/\/svp.wine\/en\/wp-json\/wp\/v2\/media\/23822"}],"wp:attachment":[{"href":"https:\/\/svp.wine\/en\/wp-json\/wp\/v2\/media?parent=22"}],"curies":[{"name":"wp","href":"https:\/\/api.w.org\/{rel}","templated":true}]}}